{"id":2477,"date":"2024-09-29T15:39:01","date_gmt":"2024-09-29T13:39:01","guid":{"rendered":"https:\/\/swojak.com.pl\/?page_id=2477"},"modified":"2025-02-04T14:33:47","modified_gmt":"2025-02-04T13:33:47","slug":"akcesoria-gorzelnicze","status":"publish","type":"page","link":"https:\/\/swojak.com.pl\/en\/akcesoria-gorzelnicze\/","title":{"rendered":"Akcesoria Gorzelnicze"},"content":{"rendered":"<div data-elementor-type=\"wp-page\" data-elementor-id=\"2477\" class=\"elementor elementor-2477\">\n\t\t\t\t<div class=\"elementor-element elementor-element-57c83e67 e-flex e-con-boxed e-con e-parent\" data-id=\"57c83e67\" data-element_type=\"container\" data-e-type=\"container\" data-settings=\"{&quot;background_background&quot;:&quot;classic&quot;,&quot;shape_divider_bottom&quot;:&quot;wave-brush&quot;}\">\n\t\t\t\t\t<div class=\"e-con-inner\">\n\t\t\t\t<div class=\"elementor-shape elementor-shape-bottom\" aria-hidden=\"true\" data-negative=\"false\">\n\t\t\t<svg xmlns=\"http:\/\/www.w3.org\/2000\/svg\" viewbox=\"0 0 283.5 27.8\" preserveaspectratio=\"none\">\n\t<path class=\"elementor-shape-fill\" d=\"M283.5,9.7c0,0-7.3,4.3-14,4.6c-6.8,0.3-12.6,0-20.9-1.5c-11.3-2-33.1-10.1-44.7-5.7\ts-12.1,4.6-18,7.4c-6.6,3.2-20,9.6-36.6,9.3C131.6,23.5,99.5,7.2,86.3,8c-1.4,0.1-6.6,0.8-10.5,2c-3.8,1.2-9.4,3.8-17,4.7\tc-3.2,0.4-8.3,1.1-14.2,0.9c-1.5-0.1-6.3-0.4-12-1.6c-5.7-1.2-11-3.1-15.8-3.7C6.5,9.2,0,10.8,0,10.8V0h283.5V9.7z M260.8,11.3\tc-0.7-1-2-0.4-4.3-0.4c-2.3,0-6.1-1.2-5.8-1.1c0.3,0.1,3.1,1.5,6,1.9C259.7,12.2,261.4,12.3,260.8,11.3z M242.4,8.6\tc0,0-2.4-0.2-5.6-0.9c-3.2-0.8-10.3-2.8-15.1-3.5c-8.2-1.1-15.8,0-15.1,0.1c0.8,0.1,9.6-0.6,17.6,1.1c3.3,0.7,9.3,2.2,12.4,2.7\tC239.9,8.7,242.4,8.6,242.4,8.6z M185.2,8.5c1.7-0.7-13.3,4.7-18.5,6.1c-2.1,0.6-6.2,1.6-10,2c-3.9,0.4-8.9,0.4-8.8,0.5\tc0,0.2,5.8,0.8,11.2,0c5.4-0.8,5.2-1.1,7.6-1.6C170.5,14.7,183.5,9.2,185.2,8.5z M199.1,6.9c0.2,0-0.8-0.4-4.8,1.1\tc-4,1.5-6.7,3.5-6.9,3.7c-0.2,0.1,3.5-1.8,6.6-3C197,7.5,199,6.9,199.1,6.9z M283,6c-0.1,0.1-1.9,1.1-4.8,2.5s-6.9,2.8-6.7,2.7\tc0.2,0,3.5-0.6,7.4-2.5C282.8,6.8,283.1,5.9,283,6z M31.3,11.6c0.1-0.2-1.9-0.2-4.5-1.2s-5.4-1.6-7.8-2C15,7.6,7.3,8.5,7.7,8.6\tC8,8.7,15.9,8.3,20.2,9.3c2.2,0.5,2.4,0.5,5.7,1.6S31.2,11.9,31.3,11.6z M73,9.2c0.4-0.1,3.5-1.6,8.4-2.6c4.9-1.1,8.9-0.5,8.9-0.8\tc0-0.3-1-0.9-6.2-0.3S72.6,9.3,73,9.2z M71.6,6.7C71.8,6.8,75,5.4,77.3,5c2.3-0.3,1.9-0.5,1.9-0.6c0-0.1-1.1-0.2-2.7,0.2\tC74.8,5.1,71.4,6.6,71.6,6.7z M93.6,4.4c0.1,0.2,3.5,0.8,5.6,1.8c2.1,1,1.8,0.6,1.9,0.5c0.1-0.1-0.8-0.8-2.4-1.3\tC97.1,4.8,93.5,4.2,93.6,4.4z M65.4,11.1c-0.1,0.3,0.3,0.5,1.9-0.2s2.6-1.3,2.2-1.2s-0.9,0.4-2.5,0.8C65.3,10.9,65.5,10.8,65.4,11.1\tz M34.5,12.4c-0.2,0,2.1,0.8,3.3,0.9c1.2,0.1,2,0.1,2-0.2c0-0.3-0.1-0.5-1.6-0.4C36.6,12.8,34.7,12.4,34.5,12.4z M152.2,21.1\tc-0.1,0.1-2.4-0.3-7.5-0.3c-5,0-13.6-2.4-17.2-3.5c-3.6-1.1,10,3.9,16.5,4.1C150.5,21.6,152.3,21,152.2,21.1z\"\/>\n\t<path class=\"elementor-shape-fill\" d=\"M269.6,18c-0.1-0.1-4.6,0.3-7.2,0c-7.3-0.7-17-3.2-16.6-2.9c0.4,0.3,13.7,3.1,17,3.3\tC267.7,18.8,269.7,18,269.6,18z\"\/>\n\t<path class=\"elementor-shape-fill\" d=\"M227.4,9.8c-0.2-0.1-4.5-1-9.5-1.2c-5-0.2-12.7,0.6-12.3,0.5c0.3-0.1,5.9-1.8,13.3-1.2\tS227.6,9.9,227.4,9.8z\"\/>\n\t<path class=\"elementor-shape-fill\" d=\"M204.5,13.4c-0.1-0.1,2-1,3.2-1.1c1.2-0.1,2,0,2,0.3c0,0.3-0.1,0.5-1.6,0.4\tC206.4,12.9,204.6,13.5,204.5,13.4z\"\/>\n\t<path class=\"elementor-shape-fill\" d=\"M201,10.6c0-0.1-4.4,1.2-6.3,2.2c-1.9,0.9-6.2,3.1-6.1,3.1c0.1,0.1,4.2-1.6,6.3-2.6\tS201,10.7,201,10.6z\"\/>\n\t<path class=\"elementor-shape-fill\" d=\"M154.5,26.7c-0.1-0.1-4.6,0.3-7.2,0c-7.3-0.7-17-3.2-16.6-2.9c0.4,0.3,13.7,3.1,17,3.3\tC152.6,27.5,154.6,26.8,154.5,26.7z\"\/>\n\t<path class=\"elementor-shape-fill\" d=\"M41.9,19.3c0,0,1.2-0.3,2.9-0.1c1.7,0.2,5.8,0.9,8.2,0.7c4.2-0.4,7.4-2.7,7-2.6\tc-0.4,0-4.3,2.2-8.6,1.9c-1.8-0.1-5.1-0.5-6.7-0.4S41.9,19.3,41.9,19.3z\"\/>\n\t<path class=\"elementor-shape-fill\" d=\"M75.5,12.6c0.2,0.1,2-0.8,4.3-1.1c2.3-0.2,2.1-0.3,2.1-0.5c0-0.1-1.8-0.4-3.4,0\tC76.9,11.5,75.3,12.5,75.5,12.6z\"\/>\n\t<path class=\"elementor-shape-fill\" d=\"M15.6,13.2c0-0.1,4.3,0,6.7,0.5c2.4,0.5,5,1.9,5,2c0,0.1-2.7-0.8-5.1-1.4\tC19.9,13.7,15.7,13.3,15.6,13.2z\"\/>\n<\/svg>\t\t<\/div>\n\t\t\t\t<div class=\"elementor-element elementor-element-4d18c8 elementor-widget elementor-widget-image\" data-id=\"4d18c8\" data-element_type=\"widget\" data-e-type=\"widget\" data-widget_type=\"image.default\">\n\t\t\t\t<div class=\"elementor-widget-container\">\n\t\t\t\t\t\t\t\t\t\t\t\t\t\t\t<img decoding=\"async\" width=\"300\" height=\"164\" src=\"https:\/\/swojak.com.pl\/wp-content\/uploads\/2023\/03\/Witryna-02-300x164.png\" class=\"attachment-medium size-medium wp-image-1350\" alt=\"\" srcset=\"https:\/\/swojak.com.pl\/wp-content\/uploads\/2023\/03\/Witryna-02-300x164.png 300w, https:\/\/swojak.com.pl\/wp-content\/uploads\/2023\/03\/Witryna-02-600x328.png 600w, https:\/\/swojak.com.pl\/wp-content\/uploads\/2023\/03\/Witryna-02-1024x560.png 1024w, https:\/\/swojak.com.pl\/wp-content\/uploads\/2023\/03\/Witryna-02-768x420.png 768w, https:\/\/swojak.com.pl\/wp-content\/uploads\/2023\/03\/Witryna-02-1536x839.png 1536w, https:\/\/swojak.com.pl\/wp-content\/uploads\/2023\/03\/Witryna-02.png 1612w\" sizes=\"(max-width: 300px) 100vw, 300px\" \/>\t\t\t\t\t\t\t\t\t\t\t\t\t\t\t<\/div>\n\t\t\t\t<\/div>\n\t\t\t\t<div class=\"elementor-element elementor-element-332e1072 elementor-widget elementor-widget-text-editor\" data-id=\"332e1072\" data-element_type=\"widget\" data-e-type=\"widget\" data-widget_type=\"text-editor.default\">\n\t\t\t\t<div class=\"elementor-widget-container\">\n\t\t\t\t\t\t\t\t\tSklep z artyku\u0142ami winiarskimi i gorzelniczymi\t\t\t\t\t\t\t\t<\/div>\n\t\t\t\t<\/div>\n\t\t\t\t<div class=\"elementor-element elementor-element-637620da elementor-widget__width-initial elementor-widget-mobile__width-inherit elementor-widget elementor-widget-heading\" data-id=\"637620da\" data-element_type=\"widget\" data-e-type=\"widget\" data-widget_type=\"heading.default\">\n\t\t\t\t<div class=\"elementor-widget-container\">\n\t\t\t\t\t<h2 class=\"elementor-heading-title elementor-size-default\">Zdrowo, naturalnie i pysznie - jak u babci w domu!<\/h2>\t\t\t\t<\/div>\n\t\t\t\t<\/div>\n\t\t\t\t<div class=\"elementor-element elementor-element-6bf12082 elementor-widget__width-initial elementor-widget-mobile__width-inherit elementor-widget elementor-widget-text-editor\" data-id=\"6bf12082\" data-element_type=\"widget\" data-e-type=\"widget\" data-widget_type=\"text-editor.default\">\n\t\t\t\t<div class=\"elementor-widget-container\">\n\t\t\t\t\t\t\t\t\t<p>Nasi klienci maj\u0105 pewno\u015b\u0107, \u017ce ka\u017cdy wyr\u00f3b przygotowany z naszych sk\u0142adnik\u00f3w, b\u0119dzie naturalny, zdrowy i idealny smaku!<\/p>\t\t\t\t\t\t\t\t<\/div>\n\t\t\t\t<\/div>\n\t\t\t\t\t<\/div>\n\t\t\t\t<\/div>\n\t\t<div class=\"elementor-element elementor-element-4ebd0940 e-flex e-con-boxed e-con e-parent\" data-id=\"4ebd0940\" data-element_type=\"container\" data-e-type=\"container\">\n\t\t\t\t\t<div class=\"e-con-inner\">\n\t\t\t\t<div class=\"elementor-element elementor-element-5dbf86cf elementor-widget elementor-widget-text-editor\" data-id=\"5dbf86cf\" data-element_type=\"widget\" data-e-type=\"widget\" data-widget_type=\"text-editor.default\">\n\t\t\t\t<div class=\"elementor-widget-container\">\n\t\t\t\t\t\t\t\t\t<p>Zapraszamy na zakupy<\/p>\t\t\t\t\t\t\t\t<\/div>\n\t\t\t\t<\/div>\n\t\t\t\t<div class=\"elementor-element elementor-element-741e9fb2 elementor-widget-mobile__width-inherit elementor-widget elementor-widget-heading\" data-id=\"741e9fb2\" data-element_type=\"widget\" data-e-type=\"widget\" data-widget_type=\"heading.default\">\n\t\t\t\t<div class=\"elementor-widget-container\">\n\t\t\t\t\t<h2 class=\"elementor-heading-title elementor-size-default\">Dost\u0119pne Artyku\u0142y Gorzelnicze W Sklepie Swojak<\/h2>\t\t\t\t<\/div>\n\t\t\t\t<\/div>\n\t\t\t\t\t<\/div>\n\t\t\t\t<\/div>\n\t\t<div class=\"elementor-element elementor-element-f160c17 e-flex e-con-boxed e-con e-parent\" data-id=\"f160c17\" data-element_type=\"container\" data-e-type=\"container\">\n\t\t\t\t\t<div class=\"e-con-inner\">\n\t\t<div class=\"elementor-element elementor-element-371766d e-con-full e-flex e-con e-child\" data-id=\"371766d\" data-element_type=\"container\" data-e-type=\"container\">\n\t\t\t\t<div class=\"elementor-element elementor-element-2f2aff6 elementor-widget elementor-widget-image\" data-id=\"2f2aff6\" data-element_type=\"widget\" data-e-type=\"widget\" data-widget_type=\"image.default\">\n\t\t\t\t<div class=\"elementor-widget-container\">\n\t\t\t\t\t\t\t\t\t\t\t\t\t\t\t<img fetchpriority=\"high\" decoding=\"async\" width=\"768\" height=\"1024\" src=\"https:\/\/swojak.com.pl\/wp-content\/uploads\/2025\/01\/ef968b5f-705a-4b02-bfb8-cdecfb4f7726-min-768x1024.jpg\" class=\"attachment-large size-large wp-image-4256\" alt=\"\" srcset=\"https:\/\/swojak.com.pl\/wp-content\/uploads\/2025\/01\/ef968b5f-705a-4b02-bfb8-cdecfb4f7726-min-768x1024.jpg 768w, https:\/\/swojak.com.pl\/wp-content\/uploads\/2025\/01\/ef968b5f-705a-4b02-bfb8-cdecfb4f7726-min-225x300.jpg 225w, https:\/\/swojak.com.pl\/wp-content\/uploads\/2025\/01\/ef968b5f-705a-4b02-bfb8-cdecfb4f7726-min-1152x1536.jpg 1152w, https:\/\/swojak.com.pl\/wp-content\/uploads\/2025\/01\/ef968b5f-705a-4b02-bfb8-cdecfb4f7726-min-9x12.jpg 9w, https:\/\/swojak.com.pl\/wp-content\/uploads\/2025\/01\/ef968b5f-705a-4b02-bfb8-cdecfb4f7726-min-300x400.jpg 300w, https:\/\/swojak.com.pl\/wp-content\/uploads\/2025\/01\/ef968b5f-705a-4b02-bfb8-cdecfb4f7726-min-600x800.jpg 600w, https:\/\/swojak.com.pl\/wp-content\/uploads\/2025\/01\/ef968b5f-705a-4b02-bfb8-cdecfb4f7726-min.jpg 1536w\" sizes=\"(max-width: 768px) 100vw, 768px\" \/>\t\t\t\t\t\t\t\t\t\t\t\t\t\t\t<\/div>\n\t\t\t\t<\/div>\n\t\t\t\t<div class=\"elementor-element elementor-element-819c1b3 elementor-widget elementor-widget-heading\" data-id=\"819c1b3\" data-element_type=\"widget\" data-e-type=\"widget\" data-widget_type=\"heading.default\">\n\t\t\t\t<div class=\"elementor-widget-container\">\n\t\t\t\t\t<h2 class=\"elementor-heading-title elementor-size-default\">Kolumna Filtracyjna Stal Nierdzewna<\/h2>\t\t\t\t<\/div>\n\t\t\t\t<\/div>\n\t\t\t\t<\/div>\n\t\t<div class=\"elementor-element elementor-element-26f4e0c e-con-full e-flex e-con e-child\" data-id=\"26f4e0c\" data-element_type=\"container\" data-e-type=\"container\">\n\t\t\t\t<div class=\"elementor-element elementor-element-4eb0307 elementor-widget elementor-widget-image\" data-id=\"4eb0307\" data-element_type=\"widget\" data-e-type=\"widget\" data-widget_type=\"image.default\">\n\t\t\t\t<div class=\"elementor-widget-container\">\n\t\t\t\t\t\t\t\t\t\t\t\t\t\t\t<img decoding=\"async\" width=\"684\" height=\"1024\" src=\"https:\/\/swojak.com.pl\/wp-content\/uploads\/2024\/10\/975fa500-291a-4839-9642-ee35ffa88e00-684x1024.jpg\" class=\"attachment-large size-large wp-image-2989\" alt=\"\" srcset=\"https:\/\/swojak.com.pl\/wp-content\/uploads\/2024\/10\/975fa500-291a-4839-9642-ee35ffa88e00-684x1024.jpg 684w, https:\/\/swojak.com.pl\/wp-content\/uploads\/2024\/10\/975fa500-291a-4839-9642-ee35ffa88e00-200x300.jpg 200w, https:\/\/swojak.com.pl\/wp-content\/uploads\/2024\/10\/975fa500-291a-4839-9642-ee35ffa88e00-768x1151.jpg 768w, https:\/\/swojak.com.pl\/wp-content\/uploads\/2024\/10\/975fa500-291a-4839-9642-ee35ffa88e00-1025x1536.jpg 1025w, https:\/\/swojak.com.pl\/wp-content\/uploads\/2024\/10\/975fa500-291a-4839-9642-ee35ffa88e00-8x12.jpg 8w, https:\/\/swojak.com.pl\/wp-content\/uploads\/2024\/10\/975fa500-291a-4839-9642-ee35ffa88e00-600x899.jpg 600w, https:\/\/swojak.com.pl\/wp-content\/uploads\/2024\/10\/975fa500-291a-4839-9642-ee35ffa88e00.jpg 1367w\" sizes=\"(max-width: 684px) 100vw, 684px\" \/>\t\t\t\t\t\t\t\t\t\t\t\t\t\t\t<\/div>\n\t\t\t\t<\/div>\n\t\t\t\t<div class=\"elementor-element elementor-element-2f18b08 elementor-widget elementor-widget-heading\" data-id=\"2f18b08\" data-element_type=\"widget\" data-e-type=\"widget\" data-widget_type=\"heading.default\">\n\t\t\t\t<div class=\"elementor-widget-container\">\n\t\t\t\t\t<h2 class=\"elementor-heading-title elementor-size-default\">Kolumna Filtracyjna Szklana<\/h2>\t\t\t\t<\/div>\n\t\t\t\t<\/div>\n\t\t\t\t<\/div>\n\t\t<div class=\"elementor-element elementor-element-b6790b2 e-con-full e-flex e-con e-child\" data-id=\"b6790b2\" data-element_type=\"container\" data-e-type=\"container\">\n\t\t\t\t<div class=\"elementor-element elementor-element-f3292fe elementor-widget elementor-widget-image\" data-id=\"f3292fe\" data-element_type=\"widget\" data-e-type=\"widget\" data-widget_type=\"image.default\">\n\t\t\t\t<div class=\"elementor-widget-container\">\n\t\t\t\t\t\t\t\t\t\t\t\t\t\t\t<img loading=\"lazy\" decoding=\"async\" width=\"768\" height=\"1024\" src=\"https:\/\/swojak.com.pl\/wp-content\/uploads\/2025\/01\/dce71897-de7a-4087-87aa-dd6d908c9daf-min-768x1024.jpg\" class=\"attachment-large size-large wp-image-4257\" alt=\"\" srcset=\"https:\/\/swojak.com.pl\/wp-content\/uploads\/2025\/01\/dce71897-de7a-4087-87aa-dd6d908c9daf-min-768x1024.jpg 768w, https:\/\/swojak.com.pl\/wp-content\/uploads\/2025\/01\/dce71897-de7a-4087-87aa-dd6d908c9daf-min-225x300.jpg 225w, https:\/\/swojak.com.pl\/wp-content\/uploads\/2025\/01\/dce71897-de7a-4087-87aa-dd6d908c9daf-min-1152x1536.jpg 1152w, https:\/\/swojak.com.pl\/wp-content\/uploads\/2025\/01\/dce71897-de7a-4087-87aa-dd6d908c9daf-min-9x12.jpg 9w, https:\/\/swojak.com.pl\/wp-content\/uploads\/2025\/01\/dce71897-de7a-4087-87aa-dd6d908c9daf-min-300x400.jpg 300w, https:\/\/swojak.com.pl\/wp-content\/uploads\/2025\/01\/dce71897-de7a-4087-87aa-dd6d908c9daf-min-600x800.jpg 600w, https:\/\/swojak.com.pl\/wp-content\/uploads\/2025\/01\/dce71897-de7a-4087-87aa-dd6d908c9daf-min.jpg 1536w\" sizes=\"(max-width: 768px) 100vw, 768px\" \/>\t\t\t\t\t\t\t\t\t\t\t\t\t\t\t<\/div>\n\t\t\t\t<\/div>\n\t\t\t\t<div class=\"elementor-element elementor-element-ddea233 elementor-widget elementor-widget-heading\" data-id=\"ddea233\" data-element_type=\"widget\" data-e-type=\"widget\" data-widget_type=\"heading.default\">\n\t\t\t\t<div class=\"elementor-widget-container\">\n\t\t\t\t\t<h2 class=\"elementor-heading-title elementor-size-default\">Papuga Destylacyjna Miernik Alkoholu<\/h2>\t\t\t\t<\/div>\n\t\t\t\t<\/div>\n\t\t\t\t<\/div>\n\t\t<div class=\"elementor-element elementor-element-ffd94f7 e-con-full e-flex e-con e-child\" data-id=\"ffd94f7\" data-element_type=\"container\" data-e-type=\"container\">\n\t\t\t\t<div class=\"elementor-element elementor-element-72b2c6d elementor-widget elementor-widget-image\" data-id=\"72b2c6d\" data-element_type=\"widget\" data-e-type=\"widget\" data-widget_type=\"image.default\">\n\t\t\t\t<div class=\"elementor-widget-container\">\n\t\t\t\t\t\t\t\t\t\t\t\t\t\t\t<img loading=\"lazy\" decoding=\"async\" width=\"768\" height=\"1024\" src=\"https:\/\/swojak.com.pl\/wp-content\/uploads\/2025\/01\/8f0b8322-e225-4b20-a011-f7dc43d7b0ea-768x1024.jpg\" class=\"attachment-large size-large wp-image-4163\" alt=\"\" srcset=\"https:\/\/swojak.com.pl\/wp-content\/uploads\/2025\/01\/8f0b8322-e225-4b20-a011-f7dc43d7b0ea-768x1024.jpg 768w, https:\/\/swojak.com.pl\/wp-content\/uploads\/2025\/01\/8f0b8322-e225-4b20-a011-f7dc43d7b0ea-225x300.jpg 225w, https:\/\/swojak.com.pl\/wp-content\/uploads\/2025\/01\/8f0b8322-e225-4b20-a011-f7dc43d7b0ea-1152x1536.jpg 1152w, https:\/\/swojak.com.pl\/wp-content\/uploads\/2025\/01\/8f0b8322-e225-4b20-a011-f7dc43d7b0ea-9x12.jpg 9w, https:\/\/swojak.com.pl\/wp-content\/uploads\/2025\/01\/8f0b8322-e225-4b20-a011-f7dc43d7b0ea-300x400.jpg 300w, https:\/\/swojak.com.pl\/wp-content\/uploads\/2025\/01\/8f0b8322-e225-4b20-a011-f7dc43d7b0ea-600x800.jpg 600w, https:\/\/swojak.com.pl\/wp-content\/uploads\/2025\/01\/8f0b8322-e225-4b20-a011-f7dc43d7b0ea.jpg 1536w\" sizes=\"(max-width: 768px) 100vw, 768px\" \/>\t\t\t\t\t\t\t\t\t\t\t\t\t\t\t<\/div>\n\t\t\t\t<\/div>\n\t\t\t\t<div class=\"elementor-element elementor-element-ab557e4 elementor-widget elementor-widget-heading\" data-id=\"ab557e4\" data-element_type=\"widget\" data-e-type=\"widget\" data-widget_type=\"heading.default\">\n\t\t\t\t<div class=\"elementor-widget-container\">\n\t\t\t\t\t<h2 class=\"elementor-heading-title elementor-size-default\">Alkoholomierz<\/h2>\t\t\t\t<\/div>\n\t\t\t\t<\/div>\n\t\t\t\t<div class=\"elementor-element elementor-element-d69fa21 elementor-widget elementor-widget-text-editor\" data-id=\"d69fa21\" data-element_type=\"widget\" data-e-type=\"widget\" data-widget_type=\"text-editor.default\">\n\t\t\t\t<div class=\"elementor-widget-container\">\n\t\t\t\t\t\t\t\t\t<p>Alkoholomierz to urz\u0105dzenie s\u0142u\u017c\u0105ce\u00a0do pomiaru alkoholu.<\/p>\t\t\t\t\t\t\t\t<\/div>\n\t\t\t\t<\/div>\n\t\t\t\t<\/div>\n\t\t\t\t\t<\/div>\n\t\t\t\t<\/div>\n\t\t\t\t<\/div>","protected":false},"excerpt":{"rendered":"<p>Sklep z artyku\u0142ami winiarskimi i gorzelniczymi Zdrowo, naturalnie i pysznie &#8211; jak u babci w domu! Nasi klienci maj\u0105 pewno\u015b\u0107, \u017ce ka\u017cdy wyr\u00f3b przygotowany z naszych sk\u0142adnik\u00f3w, b\u0119dzie naturalny, zdrowy i idealny smaku! Zapraszamy na zakupy Dost\u0119pne Artyku\u0142y Gorzelnicze W Sklepie Swojak Kolumna Filtracyjna Stal Nierdzewna Kolumna Filtracyjna Szklana Papuga Destylacyjna Miernik Alkoholu Alkoholomierz Alkoholomierz [&hellip;]<\/p>\n","protected":false},"author":1,"featured_media":0,"parent":0,"menu_order":0,"comment_status":"closed","ping_status":"closed","template":"","meta":{"footnotes":""},"class_list":["post-2477","page","type-page","status-publish","hentry"],"blocksy_meta":[],"yoast_head":"<!-- This site is optimized with the Yoast SEO plugin v27.3 - https:\/\/yoast.com\/product\/yoast-seo-wordpress\/ -->\n<title>Akcesoria Gorzelnicze - Swojak<\/title>\n<meta name=\"robots\" content=\"index, follow, max-snippet:-1, max-image-preview:large, max-video-preview:-1\" \/>\n<link rel=\"canonical\" href=\"https:\/\/swojak.com.pl\/en\/akcesoria-gorzelnicze\/\" \/>\n<meta property=\"og:locale\" content=\"en_US\" \/>\n<meta property=\"og:type\" content=\"article\" \/>\n<meta property=\"og:title\" content=\"Akcesoria Gorzelnicze - Swojak\" \/>\n<meta property=\"og:description\" content=\"Sklep z artyku\u0142ami winiarskimi i gorzelniczymi Zdrowo, naturalnie i pysznie &#8211; jak u babci w domu! Nasi klienci maj\u0105 pewno\u015b\u0107, \u017ce ka\u017cdy wyr\u00f3b przygotowany z naszych sk\u0142adnik\u00f3w, b\u0119dzie naturalny, zdrowy i idealny smaku! Zapraszamy na zakupy Dost\u0119pne Artyku\u0142y Gorzelnicze W Sklepie Swojak Kolumna Filtracyjna Stal Nierdzewna Kolumna Filtracyjna Szklana Papuga Destylacyjna Miernik Alkoholu Alkoholomierz Alkoholomierz [&hellip;]\" \/>\n<meta property=\"og:url\" content=\"https:\/\/swojak.com.pl\/en\/akcesoria-gorzelnicze\/\" \/>\n<meta property=\"og:site_name\" content=\"Swojak\" \/>\n<meta property=\"article:publisher\" content=\"https:\/\/www.facebook.com\/profile.php?id=100090614658544\" \/>\n<meta property=\"article:modified_time\" content=\"2025-02-04T13:33:47+00:00\" \/>\n<meta property=\"og:image\" content=\"https:\/\/swojak.com.pl\/wp-content\/uploads\/2023\/03\/Witryna-02.png\" \/>\n\t<meta property=\"og:image:width\" content=\"1612\" \/>\n\t<meta property=\"og:image:height\" content=\"881\" \/>\n\t<meta property=\"og:image:type\" content=\"image\/png\" \/>\n<meta name=\"twitter:card\" content=\"summary_large_image\" \/>\n<meta name=\"twitter:label1\" content=\"Est. reading time\" \/>\n\t<meta name=\"twitter:data1\" content=\"2 minutes\" \/>\n<script type=\"application\/ld+json\" class=\"yoast-schema-graph\">{\"@context\":\"https:\\\/\\\/schema.org\",\"@graph\":[{\"@type\":\"WebPage\",\"@id\":\"https:\\\/\\\/swojak.com.pl\\\/akcesoria-gorzelnicze\\\/\",\"url\":\"https:\\\/\\\/swojak.com.pl\\\/akcesoria-gorzelnicze\\\/\",\"name\":\"Akcesoria Gorzelnicze - Swojak\",\"isPartOf\":{\"@id\":\"https:\\\/\\\/swojak.com.pl\\\/#website\"},\"primaryImageOfPage\":{\"@id\":\"https:\\\/\\\/swojak.com.pl\\\/akcesoria-gorzelnicze\\\/#primaryimage\"},\"image\":{\"@id\":\"https:\\\/\\\/swojak.com.pl\\\/akcesoria-gorzelnicze\\\/#primaryimage\"},\"thumbnailUrl\":\"https:\\\/\\\/swojak.com.pl\\\/wp-content\\\/uploads\\\/2023\\\/03\\\/Witryna-02-300x164.png\",\"datePublished\":\"2024-09-29T13:39:01+00:00\",\"dateModified\":\"2025-02-04T13:33:47+00:00\",\"breadcrumb\":{\"@id\":\"https:\\\/\\\/swojak.com.pl\\\/akcesoria-gorzelnicze\\\/#breadcrumb\"},\"inLanguage\":\"en-US\",\"potentialAction\":[{\"@type\":\"ReadAction\",\"target\":[\"https:\\\/\\\/swojak.com.pl\\\/akcesoria-gorzelnicze\\\/\"]}]},{\"@type\":\"ImageObject\",\"inLanguage\":\"en-US\",\"@id\":\"https:\\\/\\\/swojak.com.pl\\\/akcesoria-gorzelnicze\\\/#primaryimage\",\"url\":\"https:\\\/\\\/swojak.com.pl\\\/wp-content\\\/uploads\\\/2023\\\/03\\\/Witryna-02-300x164.png\",\"contentUrl\":\"https:\\\/\\\/swojak.com.pl\\\/wp-content\\\/uploads\\\/2023\\\/03\\\/Witryna-02-300x164.png\"},{\"@type\":\"BreadcrumbList\",\"@id\":\"https:\\\/\\\/swojak.com.pl\\\/akcesoria-gorzelnicze\\\/#breadcrumb\",\"itemListElement\":[{\"@type\":\"ListItem\",\"position\":1,\"name\":\"Strona g\u0142\u00f3wna\",\"item\":\"https:\\\/\\\/swojak.com.pl\\\/\"},{\"@type\":\"ListItem\",\"position\":2,\"name\":\"Akcesoria Gorzelnicze\"}]},{\"@type\":\"WebSite\",\"@id\":\"https:\\\/\\\/swojak.com.pl\\\/#website\",\"url\":\"https:\\\/\\\/swojak.com.pl\\\/\",\"name\":\"Swojak - Tarnogr\u00f3d - Zdrowo, naturalnie i pysznie - jak u babci w domu!\",\"description\":\"\",\"publisher\":{\"@id\":\"https:\\\/\\\/swojak.com.pl\\\/#organization\"},\"potentialAction\":[{\"@type\":\"SearchAction\",\"target\":{\"@type\":\"EntryPoint\",\"urlTemplate\":\"https:\\\/\\\/swojak.com.pl\\\/?s={search_term_string}\"},\"query-input\":{\"@type\":\"PropertyValueSpecification\",\"valueRequired\":true,\"valueName\":\"search_term_string\"}}],\"inLanguage\":\"en-US\"},{\"@type\":\"Organization\",\"@id\":\"https:\\\/\\\/swojak.com.pl\\\/#organization\",\"name\":\"Swojak\",\"url\":\"https:\\\/\\\/swojak.com.pl\\\/\",\"logo\":{\"@type\":\"ImageObject\",\"inLanguage\":\"en-US\",\"@id\":\"https:\\\/\\\/swojak.com.pl\\\/#\\\/schema\\\/logo\\\/image\\\/\",\"url\":\"https:\\\/\\\/swojak.com.pl\\\/wp-content\\\/uploads\\\/2024\\\/04\\\/Witryna-02-300x164-2.png\",\"contentUrl\":\"https:\\\/\\\/swojak.com.pl\\\/wp-content\\\/uploads\\\/2024\\\/04\\\/Witryna-02-300x164-2.png\",\"width\":300,\"height\":164,\"caption\":\"Swojak\"},\"image\":{\"@id\":\"https:\\\/\\\/swojak.com.pl\\\/#\\\/schema\\\/logo\\\/image\\\/\"},\"sameAs\":[\"https:\\\/\\\/www.facebook.com\\\/profile.php?id=100090614658544\"]}]}<\/script>\n<!-- \/ Yoast SEO plugin. -->","yoast_head_json":{"title":"Akcesoria Gorzelnicze - Swojak","robots":{"index":"index","follow":"follow","max-snippet":"max-snippet:-1","max-image-preview":"max-image-preview:large","max-video-preview":"max-video-preview:-1"},"canonical":"https:\/\/swojak.com.pl\/en\/akcesoria-gorzelnicze\/","og_locale":"en_US","og_type":"article","og_title":"Akcesoria Gorzelnicze - Swojak","og_description":"Sklep z artyku\u0142ami winiarskimi i gorzelniczymi Zdrowo, naturalnie i pysznie &#8211; jak u babci w domu! Nasi klienci maj\u0105 pewno\u015b\u0107, \u017ce ka\u017cdy wyr\u00f3b przygotowany z naszych sk\u0142adnik\u00f3w, b\u0119dzie naturalny, zdrowy i idealny smaku! Zapraszamy na zakupy Dost\u0119pne Artyku\u0142y Gorzelnicze W Sklepie Swojak Kolumna Filtracyjna Stal Nierdzewna Kolumna Filtracyjna Szklana Papuga Destylacyjna Miernik Alkoholu Alkoholomierz Alkoholomierz [&hellip;]","og_url":"https:\/\/swojak.com.pl\/en\/akcesoria-gorzelnicze\/","og_site_name":"Swojak","article_publisher":"https:\/\/www.facebook.com\/profile.php?id=100090614658544","article_modified_time":"2025-02-04T13:33:47+00:00","og_image":[{"width":1612,"height":881,"url":"https:\/\/swojak.com.pl\/wp-content\/uploads\/2023\/03\/Witryna-02.png","type":"image\/png"}],"twitter_card":"summary_large_image","twitter_misc":{"Est. reading time":"2 minutes"},"schema":{"@context":"https:\/\/schema.org","@graph":[{"@type":"WebPage","@id":"https:\/\/swojak.com.pl\/akcesoria-gorzelnicze\/","url":"https:\/\/swojak.com.pl\/akcesoria-gorzelnicze\/","name":"Akcesoria Gorzelnicze - Swojak","isPartOf":{"@id":"https:\/\/swojak.com.pl\/#website"},"primaryImageOfPage":{"@id":"https:\/\/swojak.com.pl\/akcesoria-gorzelnicze\/#primaryimage"},"image":{"@id":"https:\/\/swojak.com.pl\/akcesoria-gorzelnicze\/#primaryimage"},"thumbnailUrl":"https:\/\/swojak.com.pl\/wp-content\/uploads\/2023\/03\/Witryna-02-300x164.png","datePublished":"2024-09-29T13:39:01+00:00","dateModified":"2025-02-04T13:33:47+00:00","breadcrumb":{"@id":"https:\/\/swojak.com.pl\/akcesoria-gorzelnicze\/#breadcrumb"},"inLanguage":"en-US","potentialAction":[{"@type":"ReadAction","target":["https:\/\/swojak.com.pl\/akcesoria-gorzelnicze\/"]}]},{"@type":"ImageObject","inLanguage":"en-US","@id":"https:\/\/swojak.com.pl\/akcesoria-gorzelnicze\/#primaryimage","url":"https:\/\/swojak.com.pl\/wp-content\/uploads\/2023\/03\/Witryna-02-300x164.png","contentUrl":"https:\/\/swojak.com.pl\/wp-content\/uploads\/2023\/03\/Witryna-02-300x164.png"},{"@type":"BreadcrumbList","@id":"https:\/\/swojak.com.pl\/akcesoria-gorzelnicze\/#breadcrumb","itemListElement":[{"@type":"ListItem","position":1,"name":"Strona g\u0142\u00f3wna","item":"https:\/\/swojak.com.pl\/"},{"@type":"ListItem","position":2,"name":"Akcesoria Gorzelnicze"}]},{"@type":"WebSite","@id":"https:\/\/swojak.com.pl\/#website","url":"https:\/\/swojak.com.pl\/","name":"Swojak - Tarnogr\u00f3d - Zdrowo, naturalnie i pysznie - jak u babci w domu!","description":"","publisher":{"@id":"https:\/\/swojak.com.pl\/#organization"},"potentialAction":[{"@type":"SearchAction","target":{"@type":"EntryPoint","urlTemplate":"https:\/\/swojak.com.pl\/?s={search_term_string}"},"query-input":{"@type":"PropertyValueSpecification","valueRequired":true,"valueName":"search_term_string"}}],"inLanguage":"en-US"},{"@type":"Organization","@id":"https:\/\/swojak.com.pl\/#organization","name":"Swojak","url":"https:\/\/swojak.com.pl\/","logo":{"@type":"ImageObject","inLanguage":"en-US","@id":"https:\/\/swojak.com.pl\/#\/schema\/logo\/image\/","url":"https:\/\/swojak.com.pl\/wp-content\/uploads\/2024\/04\/Witryna-02-300x164-2.png","contentUrl":"https:\/\/swojak.com.pl\/wp-content\/uploads\/2024\/04\/Witryna-02-300x164-2.png","width":300,"height":164,"caption":"Swojak"},"image":{"@id":"https:\/\/swojak.com.pl\/#\/schema\/logo\/image\/"},"sameAs":["https:\/\/www.facebook.com\/profile.php?id=100090614658544"]}]}},"_links":{"self":[{"href":"https:\/\/swojak.com.pl\/en\/wp-json\/wp\/v2\/pages\/2477","targetHints":{"allow":["GET"]}}],"collection":[{"href":"https:\/\/swojak.com.pl\/en\/wp-json\/wp\/v2\/pages"}],"about":[{"href":"https:\/\/swojak.com.pl\/en\/wp-json\/wp\/v2\/types\/page"}],"author":[{"embeddable":true,"href":"https:\/\/swojak.com.pl\/en\/wp-json\/wp\/v2\/users\/1"}],"replies":[{"embeddable":true,"href":"https:\/\/swojak.com.pl\/en\/wp-json\/wp\/v2\/comments?post=2477"}],"version-history":[{"count":61,"href":"https:\/\/swojak.com.pl\/en\/wp-json\/wp\/v2\/pages\/2477\/revisions"}],"predecessor-version":[{"id":4328,"href":"https:\/\/swojak.com.pl\/en\/wp-json\/wp\/v2\/pages\/2477\/revisions\/4328"}],"wp:attachment":[{"href":"https:\/\/swojak.com.pl\/en\/wp-json\/wp\/v2\/media?parent=2477"}],"curies":[{"name":"wp","href":"https:\/\/api.w.org\/{rel}","templated":true}]}}