{"id":4141,"date":"2025-01-28T12:19:58","date_gmt":"2025-01-28T11:19:58","guid":{"rendered":"https:\/\/swojak.com.pl\/?page_id=4141"},"modified":"2025-02-01T16:44:53","modified_gmt":"2025-02-01T15:44:53","slug":"pakowarki-prozniowe","status":"publish","type":"page","link":"https:\/\/swojak.com.pl\/en\/pakowarki-prozniowe\/","title":{"rendered":"Pakowarki Pr\u00f3\u017cniowe"},"content":{"rendered":"<div data-elementor-type=\"wp-page\" data-elementor-id=\"4141\" class=\"elementor elementor-4141\">\n\t\t\t\t<div class=\"elementor-element elementor-element-3e32041a e-flex e-con-boxed e-con e-parent\" data-id=\"3e32041a\" data-element_type=\"container\" data-e-type=\"container\" data-settings=\"{&quot;background_background&quot;:&quot;classic&quot;,&quot;shape_divider_bottom&quot;:&quot;wave-brush&quot;}\">\n\t\t\t\t\t<div class=\"e-con-inner\">\n\t\t\t\t<div class=\"elementor-shape elementor-shape-bottom\" aria-hidden=\"true\" data-negative=\"false\">\n\t\t\t<svg xmlns=\"http:\/\/www.w3.org\/2000\/svg\" viewbox=\"0 0 283.5 27.8\" preserveaspectratio=\"none\">\n\t<path class=\"elementor-shape-fill\" d=\"M283.5,9.7c0,0-7.3,4.3-14,4.6c-6.8,0.3-12.6,0-20.9-1.5c-11.3-2-33.1-10.1-44.7-5.7\ts-12.1,4.6-18,7.4c-6.6,3.2-20,9.6-36.6,9.3C131.6,23.5,99.5,7.2,86.3,8c-1.4,0.1-6.6,0.8-10.5,2c-3.8,1.2-9.4,3.8-17,4.7\tc-3.2,0.4-8.3,1.1-14.2,0.9c-1.5-0.1-6.3-0.4-12-1.6c-5.7-1.2-11-3.1-15.8-3.7C6.5,9.2,0,10.8,0,10.8V0h283.5V9.7z M260.8,11.3\tc-0.7-1-2-0.4-4.3-0.4c-2.3,0-6.1-1.2-5.8-1.1c0.3,0.1,3.1,1.5,6,1.9C259.7,12.2,261.4,12.3,260.8,11.3z M242.4,8.6\tc0,0-2.4-0.2-5.6-0.9c-3.2-0.8-10.3-2.8-15.1-3.5c-8.2-1.1-15.8,0-15.1,0.1c0.8,0.1,9.6-0.6,17.6,1.1c3.3,0.7,9.3,2.2,12.4,2.7\tC239.9,8.7,242.4,8.6,242.4,8.6z M185.2,8.5c1.7-0.7-13.3,4.7-18.5,6.1c-2.1,0.6-6.2,1.6-10,2c-3.9,0.4-8.9,0.4-8.8,0.5\tc0,0.2,5.8,0.8,11.2,0c5.4-0.8,5.2-1.1,7.6-1.6C170.5,14.7,183.5,9.2,185.2,8.5z M199.1,6.9c0.2,0-0.8-0.4-4.8,1.1\tc-4,1.5-6.7,3.5-6.9,3.7c-0.2,0.1,3.5-1.8,6.6-3C197,7.5,199,6.9,199.1,6.9z M283,6c-0.1,0.1-1.9,1.1-4.8,2.5s-6.9,2.8-6.7,2.7\tc0.2,0,3.5-0.6,7.4-2.5C282.8,6.8,283.1,5.9,283,6z M31.3,11.6c0.1-0.2-1.9-0.2-4.5-1.2s-5.4-1.6-7.8-2C15,7.6,7.3,8.5,7.7,8.6\tC8,8.7,15.9,8.3,20.2,9.3c2.2,0.5,2.4,0.5,5.7,1.6S31.2,11.9,31.3,11.6z M73,9.2c0.4-0.1,3.5-1.6,8.4-2.6c4.9-1.1,8.9-0.5,8.9-0.8\tc0-0.3-1-0.9-6.2-0.3S72.6,9.3,73,9.2z M71.6,6.7C71.8,6.8,75,5.4,77.3,5c2.3-0.3,1.9-0.5,1.9-0.6c0-0.1-1.1-0.2-2.7,0.2\tC74.8,5.1,71.4,6.6,71.6,6.7z M93.6,4.4c0.1,0.2,3.5,0.8,5.6,1.8c2.1,1,1.8,0.6,1.9,0.5c0.1-0.1-0.8-0.8-2.4-1.3\tC97.1,4.8,93.5,4.2,93.6,4.4z M65.4,11.1c-0.1,0.3,0.3,0.5,1.9-0.2s2.6-1.3,2.2-1.2s-0.9,0.4-2.5,0.8C65.3,10.9,65.5,10.8,65.4,11.1\tz M34.5,12.4c-0.2,0,2.1,0.8,3.3,0.9c1.2,0.1,2,0.1,2-0.2c0-0.3-0.1-0.5-1.6-0.4C36.6,12.8,34.7,12.4,34.5,12.4z M152.2,21.1\tc-0.1,0.1-2.4-0.3-7.5-0.3c-5,0-13.6-2.4-17.2-3.5c-3.6-1.1,10,3.9,16.5,4.1C150.5,21.6,152.3,21,152.2,21.1z\"\/>\n\t<path class=\"elementor-shape-fill\" d=\"M269.6,18c-0.1-0.1-4.6,0.3-7.2,0c-7.3-0.7-17-3.2-16.6-2.9c0.4,0.3,13.7,3.1,17,3.3\tC267.7,18.8,269.7,18,269.6,18z\"\/>\n\t<path class=\"elementor-shape-fill\" d=\"M227.4,9.8c-0.2-0.1-4.5-1-9.5-1.2c-5-0.2-12.7,0.6-12.3,0.5c0.3-0.1,5.9-1.8,13.3-1.2\tS227.6,9.9,227.4,9.8z\"\/>\n\t<path class=\"elementor-shape-fill\" d=\"M204.5,13.4c-0.1-0.1,2-1,3.2-1.1c1.2-0.1,2,0,2,0.3c0,0.3-0.1,0.5-1.6,0.4\tC206.4,12.9,204.6,13.5,204.5,13.4z\"\/>\n\t<path class=\"elementor-shape-fill\" d=\"M201,10.6c0-0.1-4.4,1.2-6.3,2.2c-1.9,0.9-6.2,3.1-6.1,3.1c0.1,0.1,4.2-1.6,6.3-2.6\tS201,10.7,201,10.6z\"\/>\n\t<path class=\"elementor-shape-fill\" d=\"M154.5,26.7c-0.1-0.1-4.6,0.3-7.2,0c-7.3-0.7-17-3.2-16.6-2.9c0.4,0.3,13.7,3.1,17,3.3\tC152.6,27.5,154.6,26.8,154.5,26.7z\"\/>\n\t<path class=\"elementor-shape-fill\" d=\"M41.9,19.3c0,0,1.2-0.3,2.9-0.1c1.7,0.2,5.8,0.9,8.2,0.7c4.2-0.4,7.4-2.7,7-2.6\tc-0.4,0-4.3,2.2-8.6,1.9c-1.8-0.1-5.1-0.5-6.7-0.4S41.9,19.3,41.9,19.3z\"\/>\n\t<path class=\"elementor-shape-fill\" d=\"M75.5,12.6c0.2,0.1,2-0.8,4.3-1.1c2.3-0.2,2.1-0.3,2.1-0.5c0-0.1-1.8-0.4-3.4,0\tC76.9,11.5,75.3,12.5,75.5,12.6z\"\/>\n\t<path class=\"elementor-shape-fill\" d=\"M15.6,13.2c0-0.1,4.3,0,6.7,0.5c2.4,0.5,5,1.9,5,2c0,0.1-2.7-0.8-5.1-1.4\tC19.9,13.7,15.7,13.3,15.6,13.2z\"\/>\n<\/svg>\t\t<\/div>\n\t\t\t\t<div class=\"elementor-element elementor-element-6fa4671e elementor-widget elementor-widget-image\" data-id=\"6fa4671e\" data-element_type=\"widget\" data-e-type=\"widget\" data-widget_type=\"image.default\">\n\t\t\t\t<div class=\"elementor-widget-container\">\n\t\t\t\t\t\t\t\t\t\t\t\t\t\t\t<img decoding=\"async\" width=\"300\" height=\"164\" src=\"https:\/\/swojak.com.pl\/wp-content\/uploads\/2023\/03\/Witryna-02-300x164.png\" class=\"attachment-medium size-medium wp-image-1350\" alt=\"\" srcset=\"https:\/\/swojak.com.pl\/wp-content\/uploads\/2023\/03\/Witryna-02-300x164.png 300w, https:\/\/swojak.com.pl\/wp-content\/uploads\/2023\/03\/Witryna-02-600x328.png 600w, https:\/\/swojak.com.pl\/wp-content\/uploads\/2023\/03\/Witryna-02-1024x560.png 1024w, https:\/\/swojak.com.pl\/wp-content\/uploads\/2023\/03\/Witryna-02-768x420.png 768w, https:\/\/swojak.com.pl\/wp-content\/uploads\/2023\/03\/Witryna-02-1536x839.png 1536w, https:\/\/swojak.com.pl\/wp-content\/uploads\/2023\/03\/Witryna-02.png 1612w\" sizes=\"(max-width: 300px) 100vw, 300px\" \/>\t\t\t\t\t\t\t\t\t\t\t\t\t\t\t<\/div>\n\t\t\t\t<\/div>\n\t\t\t\t<div class=\"elementor-element elementor-element-3f7b5f7a elementor-widget elementor-widget-text-editor\" data-id=\"3f7b5f7a\" data-element_type=\"widget\" data-e-type=\"widget\" data-widget_type=\"text-editor.default\">\n\t\t\t\t<div class=\"elementor-widget-container\">\n\t\t\t\t\t\t\t\t\tSklep z artyku\u0142ami winiarskimi i gorzelniczymi\t\t\t\t\t\t\t\t<\/div>\n\t\t\t\t<\/div>\n\t\t\t\t<div class=\"elementor-element elementor-element-67feada elementor-widget__width-initial elementor-widget-mobile__width-inherit elementor-widget elementor-widget-heading\" data-id=\"67feada\" data-element_type=\"widget\" data-e-type=\"widget\" data-widget_type=\"heading.default\">\n\t\t\t\t<div class=\"elementor-widget-container\">\n\t\t\t\t\t<h2 class=\"elementor-heading-title elementor-size-default\">Zdrowo, naturalnie i pysznie - jak u babci w domu!<\/h2>\t\t\t\t<\/div>\n\t\t\t\t<\/div>\n\t\t\t\t<div class=\"elementor-element elementor-element-663f43c elementor-widget__width-initial elementor-widget-mobile__width-inherit elementor-widget elementor-widget-text-editor\" data-id=\"663f43c\" data-element_type=\"widget\" data-e-type=\"widget\" data-widget_type=\"text-editor.default\">\n\t\t\t\t<div class=\"elementor-widget-container\">\n\t\t\t\t\t\t\t\t\t<p>Nasi klienci maj\u0105 pewno\u015b\u0107, \u017ce ka\u017cdy wyr\u00f3b przygotowany z naszych sk\u0142adnik\u00f3w, b\u0119dzie naturalny, zdrowy i idealny smaku!<\/p>\t\t\t\t\t\t\t\t<\/div>\n\t\t\t\t<\/div>\n\t\t\t\t\t<\/div>\n\t\t\t\t<\/div>\n\t\t<div class=\"elementor-element elementor-element-1586682d e-flex e-con-boxed e-con e-parent\" data-id=\"1586682d\" data-element_type=\"container\" data-e-type=\"container\">\n\t\t\t\t\t<div class=\"e-con-inner\">\n\t\t\t\t<div class=\"elementor-element elementor-element-5a43dbff elementor-widget elementor-widget-text-editor\" data-id=\"5a43dbff\" data-element_type=\"widget\" data-e-type=\"widget\" data-widget_type=\"text-editor.default\">\n\t\t\t\t<div class=\"elementor-widget-container\">\n\t\t\t\t\t\t\t\t\t<p>Zapraszamy na zakupy<\/p>\t\t\t\t\t\t\t\t<\/div>\n\t\t\t\t<\/div>\n\t\t\t\t<div class=\"elementor-element elementor-element-695dd966 elementor-widget-mobile__width-inherit elementor-widget elementor-widget-heading\" data-id=\"695dd966\" data-element_type=\"widget\" data-e-type=\"widget\" data-widget_type=\"heading.default\">\n\t\t\t\t<div class=\"elementor-widget-container\">\n\t\t\t\t\t<h2 class=\"elementor-heading-title elementor-size-default\">Pakowarki Pr\u00f3\u017cniowe dost\u0119pne  w sklepie Swojak<\/h2>\t\t\t\t<\/div>\n\t\t\t\t<\/div>\n\t\t\t\t\t<\/div>\n\t\t\t\t<\/div>\n\t\t<div class=\"elementor-element elementor-element-caaa427 e-flex e-con-boxed e-con e-parent\" data-id=\"caaa427\" data-element_type=\"container\" data-e-type=\"container\">\n\t\t\t\t\t<div class=\"e-con-inner\">\n\t\t<div class=\"elementor-element elementor-element-2b30d1b e-con-full e-flex e-con e-child\" data-id=\"2b30d1b\" data-element_type=\"container\" data-e-type=\"container\">\n\t\t\t\t<div class=\"elementor-element elementor-element-9844804 elementor-widget elementor-widget-image\" data-id=\"9844804\" data-element_type=\"widget\" data-e-type=\"widget\" data-widget_type=\"image.default\">\n\t\t\t\t<div class=\"elementor-widget-container\">\n\t\t\t\t\t\t\t\t\t\t\t\t\t\t\t<img fetchpriority=\"high\" decoding=\"async\" width=\"1024\" height=\"1024\" src=\"https:\/\/swojak.com.pl\/wp-content\/uploads\/2025\/01\/f0b16f4a-5f87-423e-9947-0629f1819a83-min-1024x1024.jpg\" class=\"attachment-large size-large wp-image-4152\" alt=\"\" srcset=\"https:\/\/swojak.com.pl\/wp-content\/uploads\/2025\/01\/f0b16f4a-5f87-423e-9947-0629f1819a83-min-1024x1024.jpg 1024w, https:\/\/swojak.com.pl\/wp-content\/uploads\/2025\/01\/f0b16f4a-5f87-423e-9947-0629f1819a83-min-300x300.jpg 300w, https:\/\/swojak.com.pl\/wp-content\/uploads\/2025\/01\/f0b16f4a-5f87-423e-9947-0629f1819a83-min-150x150.jpg 150w, https:\/\/swojak.com.pl\/wp-content\/uploads\/2025\/01\/f0b16f4a-5f87-423e-9947-0629f1819a83-min-768x768.jpg 768w, https:\/\/swojak.com.pl\/wp-content\/uploads\/2025\/01\/f0b16f4a-5f87-423e-9947-0629f1819a83-min-1536x1536.jpg 1536w, https:\/\/swojak.com.pl\/wp-content\/uploads\/2025\/01\/f0b16f4a-5f87-423e-9947-0629f1819a83-min-12x12.jpg 12w, https:\/\/swojak.com.pl\/wp-content\/uploads\/2025\/01\/f0b16f4a-5f87-423e-9947-0629f1819a83-min-600x600.jpg 600w, https:\/\/swojak.com.pl\/wp-content\/uploads\/2025\/01\/f0b16f4a-5f87-423e-9947-0629f1819a83-min-100x100.jpg 100w, https:\/\/swojak.com.pl\/wp-content\/uploads\/2025\/01\/f0b16f4a-5f87-423e-9947-0629f1819a83-min.jpg 2000w\" sizes=\"(max-width: 1024px) 100vw, 1024px\" \/>\t\t\t\t\t\t\t\t\t\t\t\t\t\t\t<\/div>\n\t\t\t\t<\/div>\n\t\t\t\t<div class=\"elementor-element elementor-element-21dbf92 elementor-widget elementor-widget-heading\" data-id=\"21dbf92\" data-element_type=\"widget\" data-e-type=\"widget\" data-widget_type=\"heading.default\">\n\t\t\t\t<div class=\"elementor-widget-container\">\n\t\t\t\t\t<h2 class=\"elementor-heading-title elementor-size-default\">Pakowarka pr\u00f3\u017cniowa<\/h2>\t\t\t\t<\/div>\n\t\t\t\t<\/div>\n\t\t\t\t<\/div>\n\t\t<div class=\"elementor-element elementor-element-d50004b e-con-full e-flex e-con e-child\" data-id=\"d50004b\" data-element_type=\"container\" data-e-type=\"container\">\n\t\t\t\t<div class=\"elementor-element elementor-element-308daf4 elementor-widget elementor-widget-image\" data-id=\"308daf4\" data-element_type=\"widget\" data-e-type=\"widget\" data-widget_type=\"image.default\">\n\t\t\t\t<div class=\"elementor-widget-container\">\n\t\t\t\t\t\t\t\t\t\t\t\t\t\t\t<img decoding=\"async\" width=\"1024\" height=\"1024\" src=\"https:\/\/swojak.com.pl\/wp-content\/uploads\/2025\/01\/81948468-a0cb-496c-a6ac-c0b164e4c841-min-1024x1024.jpg\" class=\"attachment-large size-large wp-image-4150\" alt=\"\" srcset=\"https:\/\/swojak.com.pl\/wp-content\/uploads\/2025\/01\/81948468-a0cb-496c-a6ac-c0b164e4c841-min-1024x1024.jpg 1024w, https:\/\/swojak.com.pl\/wp-content\/uploads\/2025\/01\/81948468-a0cb-496c-a6ac-c0b164e4c841-min-300x300.jpg 300w, https:\/\/swojak.com.pl\/wp-content\/uploads\/2025\/01\/81948468-a0cb-496c-a6ac-c0b164e4c841-min-150x150.jpg 150w, https:\/\/swojak.com.pl\/wp-content\/uploads\/2025\/01\/81948468-a0cb-496c-a6ac-c0b164e4c841-min-768x768.jpg 768w, https:\/\/swojak.com.pl\/wp-content\/uploads\/2025\/01\/81948468-a0cb-496c-a6ac-c0b164e4c841-min-1536x1536.jpg 1536w, https:\/\/swojak.com.pl\/wp-content\/uploads\/2025\/01\/81948468-a0cb-496c-a6ac-c0b164e4c841-min-12x12.jpg 12w, https:\/\/swojak.com.pl\/wp-content\/uploads\/2025\/01\/81948468-a0cb-496c-a6ac-c0b164e4c841-min-600x600.jpg 600w, https:\/\/swojak.com.pl\/wp-content\/uploads\/2025\/01\/81948468-a0cb-496c-a6ac-c0b164e4c841-min-100x100.jpg 100w, https:\/\/swojak.com.pl\/wp-content\/uploads\/2025\/01\/81948468-a0cb-496c-a6ac-c0b164e4c841-min.jpg 2000w\" sizes=\"(max-width: 1024px) 100vw, 1024px\" \/>\t\t\t\t\t\t\t\t\t\t\t\t\t\t\t<\/div>\n\t\t\t\t<\/div>\n\t\t\t\t<div class=\"elementor-element elementor-element-3ec801b elementor-widget elementor-widget-heading\" data-id=\"3ec801b\" data-element_type=\"widget\" data-e-type=\"widget\" data-widget_type=\"heading.default\">\n\t\t\t\t<div class=\"elementor-widget-container\">\n\t\t\t\t\t<h2 class=\"elementor-heading-title elementor-size-default\">Folia moletowana <\/h2>\t\t\t\t<\/div>\n\t\t\t\t<\/div>\n\t\t\t\t<\/div>\n\t\t<div class=\"elementor-element elementor-element-4a60317 e-con-full e-flex e-con e-child\" data-id=\"4a60317\" data-element_type=\"container\" data-e-type=\"container\">\n\t\t\t\t<div class=\"elementor-element elementor-element-cbeef70 elementor-widget elementor-widget-image\" data-id=\"cbeef70\" data-element_type=\"widget\" data-e-type=\"widget\" data-widget_type=\"image.default\">\n\t\t\t\t<div class=\"elementor-widget-container\">\n\t\t\t\t\t\t\t\t\t\t\t\t\t\t\t<img loading=\"lazy\" decoding=\"async\" width=\"1024\" height=\"1024\" src=\"https:\/\/swojak.com.pl\/wp-content\/uploads\/2025\/01\/03b4149d-ab74-4787-948f-9f5b25919063-min-1024x1024.jpg\" class=\"attachment-large size-large wp-image-4149\" alt=\"\" srcset=\"https:\/\/swojak.com.pl\/wp-content\/uploads\/2025\/01\/03b4149d-ab74-4787-948f-9f5b25919063-min-1024x1024.jpg 1024w, https:\/\/swojak.com.pl\/wp-content\/uploads\/2025\/01\/03b4149d-ab74-4787-948f-9f5b25919063-min-300x300.jpg 300w, https:\/\/swojak.com.pl\/wp-content\/uploads\/2025\/01\/03b4149d-ab74-4787-948f-9f5b25919063-min-150x150.jpg 150w, https:\/\/swojak.com.pl\/wp-content\/uploads\/2025\/01\/03b4149d-ab74-4787-948f-9f5b25919063-min-768x768.jpg 768w, https:\/\/swojak.com.pl\/wp-content\/uploads\/2025\/01\/03b4149d-ab74-4787-948f-9f5b25919063-min-1536x1536.jpg 1536w, https:\/\/swojak.com.pl\/wp-content\/uploads\/2025\/01\/03b4149d-ab74-4787-948f-9f5b25919063-min-12x12.jpg 12w, https:\/\/swojak.com.pl\/wp-content\/uploads\/2025\/01\/03b4149d-ab74-4787-948f-9f5b25919063-min-600x600.jpg 600w, https:\/\/swojak.com.pl\/wp-content\/uploads\/2025\/01\/03b4149d-ab74-4787-948f-9f5b25919063-min-100x100.jpg 100w, https:\/\/swojak.com.pl\/wp-content\/uploads\/2025\/01\/03b4149d-ab74-4787-948f-9f5b25919063-min.jpg 2000w\" sizes=\"(max-width: 1024px) 100vw, 1024px\" \/>\t\t\t\t\t\t\t\t\t\t\t\t\t\t\t<\/div>\n\t\t\t\t<\/div>\n\t\t\t\t<div class=\"elementor-element elementor-element-67c559c elementor-widget elementor-widget-heading\" data-id=\"67c559c\" data-element_type=\"widget\" data-e-type=\"widget\" data-widget_type=\"heading.default\">\n\t\t\t\t<div class=\"elementor-widget-container\">\n\t\t\t\t\t<h2 class=\"elementor-heading-title elementor-size-default\">Worki moletowane<\/h2>\t\t\t\t<\/div>\n\t\t\t\t<\/div>\n\t\t\t\t<\/div>\n\t\t<div class=\"elementor-element elementor-element-e334f98 e-con-full e-flex e-con e-child\" data-id=\"e334f98\" data-element_type=\"container\" data-e-type=\"container\">\n\t\t\t\t<div class=\"elementor-element elementor-element-b01dd12 elementor-widget elementor-widget-image\" data-id=\"b01dd12\" data-element_type=\"widget\" data-e-type=\"widget\" data-widget_type=\"image.default\">\n\t\t\t\t<div class=\"elementor-widget-container\">\n\t\t\t\t\t\t\t\t\t\t\t\t\t\t\t<img loading=\"lazy\" decoding=\"async\" width=\"1024\" height=\"1024\" src=\"https:\/\/swojak.com.pl\/wp-content\/uploads\/2025\/01\/aa5b0b5e-8782-4162-b7ae-60dd5c19bd51-min-1024x1024.jpg\" class=\"attachment-large size-large wp-image-4151\" alt=\"\" srcset=\"https:\/\/swojak.com.pl\/wp-content\/uploads\/2025\/01\/aa5b0b5e-8782-4162-b7ae-60dd5c19bd51-min-1024x1024.jpg 1024w, https:\/\/swojak.com.pl\/wp-content\/uploads\/2025\/01\/aa5b0b5e-8782-4162-b7ae-60dd5c19bd51-min-300x300.jpg 300w, https:\/\/swojak.com.pl\/wp-content\/uploads\/2025\/01\/aa5b0b5e-8782-4162-b7ae-60dd5c19bd51-min-150x150.jpg 150w, https:\/\/swojak.com.pl\/wp-content\/uploads\/2025\/01\/aa5b0b5e-8782-4162-b7ae-60dd5c19bd51-min-768x768.jpg 768w, https:\/\/swojak.com.pl\/wp-content\/uploads\/2025\/01\/aa5b0b5e-8782-4162-b7ae-60dd5c19bd51-min-1536x1536.jpg 1536w, https:\/\/swojak.com.pl\/wp-content\/uploads\/2025\/01\/aa5b0b5e-8782-4162-b7ae-60dd5c19bd51-min-12x12.jpg 12w, https:\/\/swojak.com.pl\/wp-content\/uploads\/2025\/01\/aa5b0b5e-8782-4162-b7ae-60dd5c19bd51-min-600x600.jpg 600w, https:\/\/swojak.com.pl\/wp-content\/uploads\/2025\/01\/aa5b0b5e-8782-4162-b7ae-60dd5c19bd51-min-100x100.jpg 100w, https:\/\/swojak.com.pl\/wp-content\/uploads\/2025\/01\/aa5b0b5e-8782-4162-b7ae-60dd5c19bd51-min.jpg 2000w\" sizes=\"(max-width: 1024px) 100vw, 1024px\" \/>\t\t\t\t\t\t\t\t\t\t\t\t\t\t\t<\/div>\n\t\t\t\t<\/div>\n\t\t\t\t<div class=\"elementor-element elementor-element-0111e6a elementor-widget elementor-widget-heading\" data-id=\"0111e6a\" data-element_type=\"widget\" data-e-type=\"widget\" data-widget_type=\"heading.default\">\n\t\t\t\t<div class=\"elementor-widget-container\">\n\t\t\t\t\t<h2 class=\"elementor-heading-title elementor-size-default\">Pojemnik do pakowania pr\u00f3\u017cniowego<\/h2>\t\t\t\t<\/div>\n\t\t\t\t<\/div>\n\t\t\t\t<\/div>\n\t\t\t\t\t<\/div>\n\t\t\t\t<\/div>\n\t\t\t\t<\/div>","protected":false},"excerpt":{"rendered":"<p>Sklep z artyku\u0142ami winiarskimi i gorzelniczymi Zdrowo, naturalnie i pysznie &#8211; jak u babci w domu! Nasi klienci maj\u0105 pewno\u015b\u0107, \u017ce ka\u017cdy wyr\u00f3b przygotowany z naszych sk\u0142adnik\u00f3w, b\u0119dzie naturalny, zdrowy i idealny smaku! Zapraszamy na zakupy Pakowarki Pr\u00f3\u017cniowe dost\u0119pne w sklepie Swojak Pakowarka pr\u00f3\u017cniowa Folia moletowana Worki moletowane Pojemnik do pakowania pr\u00f3\u017cniowego<\/p>","protected":false},"author":1,"featured_media":0,"parent":0,"menu_order":0,"comment_status":"closed","ping_status":"closed","template":"","meta":{"footnotes":""},"class_list":["post-4141","page","type-page","status-publish","hentry"],"blocksy_meta":[],"yoast_head":"<!-- This site is optimized with the Yoast SEO plugin v27.3 - https:\/\/yoast.com\/product\/yoast-seo-wordpress\/ -->\n<title>Pakowarki Pr\u00f3\u017cniowe - Swojak<\/title>\n<meta name=\"robots\" content=\"index, follow, max-snippet:-1, max-image-preview:large, max-video-preview:-1\" \/>\n<link rel=\"canonical\" href=\"https:\/\/swojak.com.pl\/en\/pakowarki-prozniowe\/\" \/>\n<meta property=\"og:locale\" content=\"en_US\" \/>\n<meta property=\"og:type\" content=\"article\" \/>\n<meta property=\"og:title\" content=\"Pakowarki Pr\u00f3\u017cniowe - Swojak\" \/>\n<meta property=\"og:description\" content=\"Sklep z artyku\u0142ami winiarskimi i gorzelniczymi Zdrowo, naturalnie i pysznie &#8211; jak u babci w domu! Nasi klienci maj\u0105 pewno\u015b\u0107, \u017ce ka\u017cdy wyr\u00f3b przygotowany z naszych sk\u0142adnik\u00f3w, b\u0119dzie naturalny, zdrowy i idealny smaku! Zapraszamy na zakupy Pakowarki Pr\u00f3\u017cniowe dost\u0119pne w sklepie Swojak Pakowarka pr\u00f3\u017cniowa Folia moletowana Worki moletowane Pojemnik do pakowania pr\u00f3\u017cniowego\" \/>\n<meta property=\"og:url\" content=\"https:\/\/swojak.com.pl\/en\/pakowarki-prozniowe\/\" \/>\n<meta property=\"og:site_name\" content=\"Swojak\" \/>\n<meta property=\"article:publisher\" content=\"https:\/\/www.facebook.com\/profile.php?id=100090614658544\" \/>\n<meta property=\"article:modified_time\" content=\"2025-02-01T15:44:53+00:00\" \/>\n<meta property=\"og:image\" content=\"https:\/\/swojak.com.pl\/wp-content\/uploads\/2023\/03\/Witryna-02.png\" \/>\n\t<meta property=\"og:image:width\" content=\"1612\" \/>\n\t<meta property=\"og:image:height\" content=\"881\" \/>\n\t<meta property=\"og:image:type\" content=\"image\/png\" \/>\n<meta name=\"twitter:card\" content=\"summary_large_image\" \/>\n<meta name=\"twitter:label1\" content=\"Est. reading time\" \/>\n\t<meta name=\"twitter:data1\" content=\"2 minutes\" \/>\n<script type=\"application\/ld+json\" class=\"yoast-schema-graph\">{\"@context\":\"https:\\\/\\\/schema.org\",\"@graph\":[{\"@type\":\"WebPage\",\"@id\":\"https:\\\/\\\/swojak.com.pl\\\/pakowarki-prozniowe\\\/\",\"url\":\"https:\\\/\\\/swojak.com.pl\\\/pakowarki-prozniowe\\\/\",\"name\":\"Pakowarki Pr\u00f3\u017cniowe - Swojak\",\"isPartOf\":{\"@id\":\"https:\\\/\\\/swojak.com.pl\\\/#website\"},\"primaryImageOfPage\":{\"@id\":\"https:\\\/\\\/swojak.com.pl\\\/pakowarki-prozniowe\\\/#primaryimage\"},\"image\":{\"@id\":\"https:\\\/\\\/swojak.com.pl\\\/pakowarki-prozniowe\\\/#primaryimage\"},\"thumbnailUrl\":\"https:\\\/\\\/swojak.com.pl\\\/wp-content\\\/uploads\\\/2023\\\/03\\\/Witryna-02-300x164.png\",\"datePublished\":\"2025-01-28T11:19:58+00:00\",\"dateModified\":\"2025-02-01T15:44:53+00:00\",\"breadcrumb\":{\"@id\":\"https:\\\/\\\/swojak.com.pl\\\/pakowarki-prozniowe\\\/#breadcrumb\"},\"inLanguage\":\"en-US\",\"potentialAction\":[{\"@type\":\"ReadAction\",\"target\":[\"https:\\\/\\\/swojak.com.pl\\\/pakowarki-prozniowe\\\/\"]}]},{\"@type\":\"ImageObject\",\"inLanguage\":\"en-US\",\"@id\":\"https:\\\/\\\/swojak.com.pl\\\/pakowarki-prozniowe\\\/#primaryimage\",\"url\":\"https:\\\/\\\/swojak.com.pl\\\/wp-content\\\/uploads\\\/2023\\\/03\\\/Witryna-02-300x164.png\",\"contentUrl\":\"https:\\\/\\\/swojak.com.pl\\\/wp-content\\\/uploads\\\/2023\\\/03\\\/Witryna-02-300x164.png\"},{\"@type\":\"BreadcrumbList\",\"@id\":\"https:\\\/\\\/swojak.com.pl\\\/pakowarki-prozniowe\\\/#breadcrumb\",\"itemListElement\":[{\"@type\":\"ListItem\",\"position\":1,\"name\":\"Strona g\u0142\u00f3wna\",\"item\":\"https:\\\/\\\/swojak.com.pl\\\/\"},{\"@type\":\"ListItem\",\"position\":2,\"name\":\"Pakowarki Pr\u00f3\u017cniowe\"}]},{\"@type\":\"WebSite\",\"@id\":\"https:\\\/\\\/swojak.com.pl\\\/#website\",\"url\":\"https:\\\/\\\/swojak.com.pl\\\/\",\"name\":\"Swojak - Tarnogr\u00f3d - Zdrowo, naturalnie i pysznie - jak u babci w domu!\",\"description\":\"\",\"publisher\":{\"@id\":\"https:\\\/\\\/swojak.com.pl\\\/#organization\"},\"potentialAction\":[{\"@type\":\"SearchAction\",\"target\":{\"@type\":\"EntryPoint\",\"urlTemplate\":\"https:\\\/\\\/swojak.com.pl\\\/?s={search_term_string}\"},\"query-input\":{\"@type\":\"PropertyValueSpecification\",\"valueRequired\":true,\"valueName\":\"search_term_string\"}}],\"inLanguage\":\"en-US\"},{\"@type\":\"Organization\",\"@id\":\"https:\\\/\\\/swojak.com.pl\\\/#organization\",\"name\":\"Swojak\",\"url\":\"https:\\\/\\\/swojak.com.pl\\\/\",\"logo\":{\"@type\":\"ImageObject\",\"inLanguage\":\"en-US\",\"@id\":\"https:\\\/\\\/swojak.com.pl\\\/#\\\/schema\\\/logo\\\/image\\\/\",\"url\":\"https:\\\/\\\/swojak.com.pl\\\/wp-content\\\/uploads\\\/2024\\\/04\\\/Witryna-02-300x164-2.png\",\"contentUrl\":\"https:\\\/\\\/swojak.com.pl\\\/wp-content\\\/uploads\\\/2024\\\/04\\\/Witryna-02-300x164-2.png\",\"width\":300,\"height\":164,\"caption\":\"Swojak\"},\"image\":{\"@id\":\"https:\\\/\\\/swojak.com.pl\\\/#\\\/schema\\\/logo\\\/image\\\/\"},\"sameAs\":[\"https:\\\/\\\/www.facebook.com\\\/profile.php?id=100090614658544\"]}]}<\/script>\n<!-- \/ Yoast SEO plugin. -->","yoast_head_json":{"title":"Pakowarki Pr\u00f3\u017cniowe - Swojak","robots":{"index":"index","follow":"follow","max-snippet":"max-snippet:-1","max-image-preview":"max-image-preview:large","max-video-preview":"max-video-preview:-1"},"canonical":"https:\/\/swojak.com.pl\/en\/pakowarki-prozniowe\/","og_locale":"en_US","og_type":"article","og_title":"Pakowarki Pr\u00f3\u017cniowe - Swojak","og_description":"Sklep z artyku\u0142ami winiarskimi i gorzelniczymi Zdrowo, naturalnie i pysznie &#8211; jak u babci w domu! Nasi klienci maj\u0105 pewno\u015b\u0107, \u017ce ka\u017cdy wyr\u00f3b przygotowany z naszych sk\u0142adnik\u00f3w, b\u0119dzie naturalny, zdrowy i idealny smaku! Zapraszamy na zakupy Pakowarki Pr\u00f3\u017cniowe dost\u0119pne w sklepie Swojak Pakowarka pr\u00f3\u017cniowa Folia moletowana Worki moletowane Pojemnik do pakowania pr\u00f3\u017cniowego","og_url":"https:\/\/swojak.com.pl\/en\/pakowarki-prozniowe\/","og_site_name":"Swojak","article_publisher":"https:\/\/www.facebook.com\/profile.php?id=100090614658544","article_modified_time":"2025-02-01T15:44:53+00:00","og_image":[{"width":1612,"height":881,"url":"https:\/\/swojak.com.pl\/wp-content\/uploads\/2023\/03\/Witryna-02.png","type":"image\/png"}],"twitter_card":"summary_large_image","twitter_misc":{"Est. reading time":"2 minutes"},"schema":{"@context":"https:\/\/schema.org","@graph":[{"@type":"WebPage","@id":"https:\/\/swojak.com.pl\/pakowarki-prozniowe\/","url":"https:\/\/swojak.com.pl\/pakowarki-prozniowe\/","name":"Pakowarki Pr\u00f3\u017cniowe - Swojak","isPartOf":{"@id":"https:\/\/swojak.com.pl\/#website"},"primaryImageOfPage":{"@id":"https:\/\/swojak.com.pl\/pakowarki-prozniowe\/#primaryimage"},"image":{"@id":"https:\/\/swojak.com.pl\/pakowarki-prozniowe\/#primaryimage"},"thumbnailUrl":"https:\/\/swojak.com.pl\/wp-content\/uploads\/2023\/03\/Witryna-02-300x164.png","datePublished":"2025-01-28T11:19:58+00:00","dateModified":"2025-02-01T15:44:53+00:00","breadcrumb":{"@id":"https:\/\/swojak.com.pl\/pakowarki-prozniowe\/#breadcrumb"},"inLanguage":"en-US","potentialAction":[{"@type":"ReadAction","target":["https:\/\/swojak.com.pl\/pakowarki-prozniowe\/"]}]},{"@type":"ImageObject","inLanguage":"en-US","@id":"https:\/\/swojak.com.pl\/pakowarki-prozniowe\/#primaryimage","url":"https:\/\/swojak.com.pl\/wp-content\/uploads\/2023\/03\/Witryna-02-300x164.png","contentUrl":"https:\/\/swojak.com.pl\/wp-content\/uploads\/2023\/03\/Witryna-02-300x164.png"},{"@type":"BreadcrumbList","@id":"https:\/\/swojak.com.pl\/pakowarki-prozniowe\/#breadcrumb","itemListElement":[{"@type":"ListItem","position":1,"name":"Strona g\u0142\u00f3wna","item":"https:\/\/swojak.com.pl\/"},{"@type":"ListItem","position":2,"name":"Pakowarki Pr\u00f3\u017cniowe"}]},{"@type":"WebSite","@id":"https:\/\/swojak.com.pl\/#website","url":"https:\/\/swojak.com.pl\/","name":"Swojak - Tarnogr\u00f3d - Zdrowo, naturalnie i pysznie - jak u babci w domu!","description":"","publisher":{"@id":"https:\/\/swojak.com.pl\/#organization"},"potentialAction":[{"@type":"SearchAction","target":{"@type":"EntryPoint","urlTemplate":"https:\/\/swojak.com.pl\/?s={search_term_string}"},"query-input":{"@type":"PropertyValueSpecification","valueRequired":true,"valueName":"search_term_string"}}],"inLanguage":"en-US"},{"@type":"Organization","@id":"https:\/\/swojak.com.pl\/#organization","name":"Swojak","url":"https:\/\/swojak.com.pl\/","logo":{"@type":"ImageObject","inLanguage":"en-US","@id":"https:\/\/swojak.com.pl\/#\/schema\/logo\/image\/","url":"https:\/\/swojak.com.pl\/wp-content\/uploads\/2024\/04\/Witryna-02-300x164-2.png","contentUrl":"https:\/\/swojak.com.pl\/wp-content\/uploads\/2024\/04\/Witryna-02-300x164-2.png","width":300,"height":164,"caption":"Swojak"},"image":{"@id":"https:\/\/swojak.com.pl\/#\/schema\/logo\/image\/"},"sameAs":["https:\/\/www.facebook.com\/profile.php?id=100090614658544"]}]}},"_links":{"self":[{"href":"https:\/\/swojak.com.pl\/en\/wp-json\/wp\/v2\/pages\/4141","targetHints":{"allow":["GET"]}}],"collection":[{"href":"https:\/\/swojak.com.pl\/en\/wp-json\/wp\/v2\/pages"}],"about":[{"href":"https:\/\/swojak.com.pl\/en\/wp-json\/wp\/v2\/types\/page"}],"author":[{"embeddable":true,"href":"https:\/\/swojak.com.pl\/en\/wp-json\/wp\/v2\/users\/1"}],"replies":[{"embeddable":true,"href":"https:\/\/swojak.com.pl\/en\/wp-json\/wp\/v2\/comments?post=4141"}],"version-history":[{"count":7,"href":"https:\/\/swojak.com.pl\/en\/wp-json\/wp\/v2\/pages\/4141\/revisions"}],"predecessor-version":[{"id":4312,"href":"https:\/\/swojak.com.pl\/en\/wp-json\/wp\/v2\/pages\/4141\/revisions\/4312"}],"wp:attachment":[{"href":"https:\/\/swojak.com.pl\/en\/wp-json\/wp\/v2\/media?parent=4141"}],"curies":[{"name":"wp","href":"https:\/\/api.w.org\/{rel}","templated":true}]}}