{"id":681,"date":"2022-07-02T05:28:59","date_gmt":"2022-07-02T05:28:59","guid":{"rendered":"https:\/\/demo.creativethemes.com\/elementor\/floreo\/?page_id=681"},"modified":"2024-09-27T11:47:04","modified_gmt":"2024-09-27T09:47:04","slug":"about-us","status":"publish","type":"page","link":"https:\/\/swojak.com.pl\/en\/about-us\/","title":{"rendered":"O Nas"},"content":{"rendered":"<div data-elementor-type=\"wp-page\" data-elementor-id=\"681\" class=\"elementor elementor-681\">\n\t\t\t\t<div class=\"elementor-element elementor-element-2ac86f78 e-flex e-con-boxed e-con e-parent\" data-id=\"2ac86f78\" data-element_type=\"container\" data-e-type=\"container\" data-settings=\"{&quot;background_background&quot;:&quot;classic&quot;,&quot;shape_divider_bottom&quot;:&quot;wave-brush&quot;}\">\n\t\t\t\t\t<div class=\"e-con-inner\">\n\t\t\t\t<div class=\"elementor-shape elementor-shape-bottom\" aria-hidden=\"true\" data-negative=\"false\">\n\t\t\t<svg xmlns=\"http:\/\/www.w3.org\/2000\/svg\" viewbox=\"0 0 283.5 27.8\" preserveaspectratio=\"none\">\n\t<path class=\"elementor-shape-fill\" d=\"M283.5,9.7c0,0-7.3,4.3-14,4.6c-6.8,0.3-12.6,0-20.9-1.5c-11.3-2-33.1-10.1-44.7-5.7\ts-12.1,4.6-18,7.4c-6.6,3.2-20,9.6-36.6,9.3C131.6,23.5,99.5,7.2,86.3,8c-1.4,0.1-6.6,0.8-10.5,2c-3.8,1.2-9.4,3.8-17,4.7\tc-3.2,0.4-8.3,1.1-14.2,0.9c-1.5-0.1-6.3-0.4-12-1.6c-5.7-1.2-11-3.1-15.8-3.7C6.5,9.2,0,10.8,0,10.8V0h283.5V9.7z M260.8,11.3\tc-0.7-1-2-0.4-4.3-0.4c-2.3,0-6.1-1.2-5.8-1.1c0.3,0.1,3.1,1.5,6,1.9C259.7,12.2,261.4,12.3,260.8,11.3z M242.4,8.6\tc0,0-2.4-0.2-5.6-0.9c-3.2-0.8-10.3-2.8-15.1-3.5c-8.2-1.1-15.8,0-15.1,0.1c0.8,0.1,9.6-0.6,17.6,1.1c3.3,0.7,9.3,2.2,12.4,2.7\tC239.9,8.7,242.4,8.6,242.4,8.6z M185.2,8.5c1.7-0.7-13.3,4.7-18.5,6.1c-2.1,0.6-6.2,1.6-10,2c-3.9,0.4-8.9,0.4-8.8,0.5\tc0,0.2,5.8,0.8,11.2,0c5.4-0.8,5.2-1.1,7.6-1.6C170.5,14.7,183.5,9.2,185.2,8.5z M199.1,6.9c0.2,0-0.8-0.4-4.8,1.1\tc-4,1.5-6.7,3.5-6.9,3.7c-0.2,0.1,3.5-1.8,6.6-3C197,7.5,199,6.9,199.1,6.9z M283,6c-0.1,0.1-1.9,1.1-4.8,2.5s-6.9,2.8-6.7,2.7\tc0.2,0,3.5-0.6,7.4-2.5C282.8,6.8,283.1,5.9,283,6z M31.3,11.6c0.1-0.2-1.9-0.2-4.5-1.2s-5.4-1.6-7.8-2C15,7.6,7.3,8.5,7.7,8.6\tC8,8.7,15.9,8.3,20.2,9.3c2.2,0.5,2.4,0.5,5.7,1.6S31.2,11.9,31.3,11.6z M73,9.2c0.4-0.1,3.5-1.6,8.4-2.6c4.9-1.1,8.9-0.5,8.9-0.8\tc0-0.3-1-0.9-6.2-0.3S72.6,9.3,73,9.2z M71.6,6.7C71.8,6.8,75,5.4,77.3,5c2.3-0.3,1.9-0.5,1.9-0.6c0-0.1-1.1-0.2-2.7,0.2\tC74.8,5.1,71.4,6.6,71.6,6.7z M93.6,4.4c0.1,0.2,3.5,0.8,5.6,1.8c2.1,1,1.8,0.6,1.9,0.5c0.1-0.1-0.8-0.8-2.4-1.3\tC97.1,4.8,93.5,4.2,93.6,4.4z M65.4,11.1c-0.1,0.3,0.3,0.5,1.9-0.2s2.6-1.3,2.2-1.2s-0.9,0.4-2.5,0.8C65.3,10.9,65.5,10.8,65.4,11.1\tz M34.5,12.4c-0.2,0,2.1,0.8,3.3,0.9c1.2,0.1,2,0.1,2-0.2c0-0.3-0.1-0.5-1.6-0.4C36.6,12.8,34.7,12.4,34.5,12.4z M152.2,21.1\tc-0.1,0.1-2.4-0.3-7.5-0.3c-5,0-13.6-2.4-17.2-3.5c-3.6-1.1,10,3.9,16.5,4.1C150.5,21.6,152.3,21,152.2,21.1z\"\/>\n\t<path class=\"elementor-shape-fill\" d=\"M269.6,18c-0.1-0.1-4.6,0.3-7.2,0c-7.3-0.7-17-3.2-16.6-2.9c0.4,0.3,13.7,3.1,17,3.3\tC267.7,18.8,269.7,18,269.6,18z\"\/>\n\t<path class=\"elementor-shape-fill\" d=\"M227.4,9.8c-0.2-0.1-4.5-1-9.5-1.2c-5-0.2-12.7,0.6-12.3,0.5c0.3-0.1,5.9-1.8,13.3-1.2\tS227.6,9.9,227.4,9.8z\"\/>\n\t<path class=\"elementor-shape-fill\" d=\"M204.5,13.4c-0.1-0.1,2-1,3.2-1.1c1.2-0.1,2,0,2,0.3c0,0.3-0.1,0.5-1.6,0.4\tC206.4,12.9,204.6,13.5,204.5,13.4z\"\/>\n\t<path class=\"elementor-shape-fill\" d=\"M201,10.6c0-0.1-4.4,1.2-6.3,2.2c-1.9,0.9-6.2,3.1-6.1,3.1c0.1,0.1,4.2-1.6,6.3-2.6\tS201,10.7,201,10.6z\"\/>\n\t<path class=\"elementor-shape-fill\" d=\"M154.5,26.7c-0.1-0.1-4.6,0.3-7.2,0c-7.3-0.7-17-3.2-16.6-2.9c0.4,0.3,13.7,3.1,17,3.3\tC152.6,27.5,154.6,26.8,154.5,26.7z\"\/>\n\t<path class=\"elementor-shape-fill\" d=\"M41.9,19.3c0,0,1.2-0.3,2.9-0.1c1.7,0.2,5.8,0.9,8.2,0.7c4.2-0.4,7.4-2.7,7-2.6\tc-0.4,0-4.3,2.2-8.6,1.9c-1.8-0.1-5.1-0.5-6.7-0.4S41.9,19.3,41.9,19.3z\"\/>\n\t<path class=\"elementor-shape-fill\" d=\"M75.5,12.6c0.2,0.1,2-0.8,4.3-1.1c2.3-0.2,2.1-0.3,2.1-0.5c0-0.1-1.8-0.4-3.4,0\tC76.9,11.5,75.3,12.5,75.5,12.6z\"\/>\n\t<path class=\"elementor-shape-fill\" d=\"M15.6,13.2c0-0.1,4.3,0,6.7,0.5c2.4,0.5,5,1.9,5,2c0,0.1-2.7-0.8-5.1-1.4\tC19.9,13.7,15.7,13.3,15.6,13.2z\"\/>\n<\/svg>\t\t<\/div>\n\t\t\t\t<div class=\"elementor-element elementor-element-246c3206 elementor-widget elementor-widget-image\" data-id=\"246c3206\" data-element_type=\"widget\" data-e-type=\"widget\" data-widget_type=\"image.default\">\n\t\t\t\t<div class=\"elementor-widget-container\">\n\t\t\t\t\t\t\t\t\t\t\t\t\t\t\t<img decoding=\"async\" width=\"300\" height=\"164\" src=\"https:\/\/swojak.com.pl\/wp-content\/uploads\/2023\/03\/Witryna-02-300x164.png\" class=\"attachment-medium size-medium wp-image-1350\" alt=\"\" srcset=\"https:\/\/swojak.com.pl\/wp-content\/uploads\/2023\/03\/Witryna-02-300x164.png 300w, https:\/\/swojak.com.pl\/wp-content\/uploads\/2023\/03\/Witryna-02-600x328.png 600w, https:\/\/swojak.com.pl\/wp-content\/uploads\/2023\/03\/Witryna-02-1024x560.png 1024w, https:\/\/swojak.com.pl\/wp-content\/uploads\/2023\/03\/Witryna-02-768x420.png 768w, https:\/\/swojak.com.pl\/wp-content\/uploads\/2023\/03\/Witryna-02-1536x839.png 1536w, https:\/\/swojak.com.pl\/wp-content\/uploads\/2023\/03\/Witryna-02.png 1612w\" sizes=\"(max-width: 300px) 100vw, 300px\" \/>\t\t\t\t\t\t\t\t\t\t\t\t\t\t\t<\/div>\n\t\t\t\t<\/div>\n\t\t\t\t<div class=\"elementor-element elementor-element-3a854499 elementor-widget elementor-widget-text-editor\" data-id=\"3a854499\" data-element_type=\"widget\" data-e-type=\"widget\" data-widget_type=\"text-editor.default\">\n\t\t\t\t<div class=\"elementor-widget-container\">\n\t\t\t\t\t\t\t\t\tSklep z artyku\u0142ami winiarskimi i gorzelniczymi\t\t\t\t\t\t\t\t<\/div>\n\t\t\t\t<\/div>\n\t\t\t\t<div class=\"elementor-element elementor-element-724b3d84 elementor-widget__width-initial elementor-widget-mobile__width-inherit elementor-widget elementor-widget-heading\" data-id=\"724b3d84\" data-element_type=\"widget\" data-e-type=\"widget\" data-widget_type=\"heading.default\">\n\t\t\t\t<div class=\"elementor-widget-container\">\n\t\t\t\t\t<h2 class=\"elementor-heading-title elementor-size-default\">Zdrowo, naturalnie i pysznie - jak u babci w domu!<\/h2>\t\t\t\t<\/div>\n\t\t\t\t<\/div>\n\t\t\t\t<div class=\"elementor-element elementor-element-ba159d4 elementor-widget__width-initial elementor-widget-mobile__width-inherit elementor-widget elementor-widget-text-editor\" data-id=\"ba159d4\" data-element_type=\"widget\" data-e-type=\"widget\" data-widget_type=\"text-editor.default\">\n\t\t\t\t<div class=\"elementor-widget-container\">\n\t\t\t\t\t\t\t\t\t<p>Nasi klienci maj\u0105 pewno\u015b\u0107, \u017ce ka\u017cdy wyr\u00f3b przygotowany z naszych sk\u0142adnik\u00f3w, b\u0119dzie naturalny, zdrowy i idealny smaku!<\/p>\t\t\t\t\t\t\t\t<\/div>\n\t\t\t\t<\/div>\n\t\t\t\t\t<\/div>\n\t\t\t\t<\/div>\n\t\t<div class=\"elementor-element elementor-element-aaae4d1 e-flex e-con-boxed e-con e-parent\" data-id=\"aaae4d1\" data-element_type=\"container\" data-e-type=\"container\">\n\t\t\t\t\t<div class=\"e-con-inner\">\n\t\t<div class=\"elementor-element elementor-element-98e03f0 e-con-full e-flex e-con e-child\" data-id=\"98e03f0\" data-element_type=\"container\" data-e-type=\"container\">\n\t\t\t\t<div class=\"elementor-element elementor-element-c505ada elementor-widget elementor-widget-image\" data-id=\"c505ada\" data-element_type=\"widget\" data-e-type=\"widget\" data-widget_type=\"image.default\">\n\t\t\t\t<div class=\"elementor-widget-container\">\n\t\t\t\t\t\t\t\t\t\t\t\t\t\t\t<img fetchpriority=\"high\" decoding=\"async\" width=\"893\" height=\"574\" src=\"https:\/\/swojak.com.pl\/wp-content\/uploads\/2023\/03\/336182862_2104838146384374_5054038058456286177_n.png\" class=\"attachment-large size-large wp-image-1404\" alt=\"\" srcset=\"https:\/\/swojak.com.pl\/wp-content\/uploads\/2023\/03\/336182862_2104838146384374_5054038058456286177_n.png 893w, https:\/\/swojak.com.pl\/wp-content\/uploads\/2023\/03\/336182862_2104838146384374_5054038058456286177_n-600x386.png 600w, https:\/\/swojak.com.pl\/wp-content\/uploads\/2023\/03\/336182862_2104838146384374_5054038058456286177_n-300x193.png 300w, https:\/\/swojak.com.pl\/wp-content\/uploads\/2023\/03\/336182862_2104838146384374_5054038058456286177_n-768x494.png 768w\" sizes=\"(max-width: 893px) 100vw, 893px\" \/>\t\t\t\t\t\t\t\t\t\t\t\t\t\t\t<\/div>\n\t\t\t\t<\/div>\n\t\t\t\t<\/div>\n\t\t<div class=\"elementor-element elementor-element-b4cca10 e-con-full e-flex e-con e-child\" data-id=\"b4cca10\" data-element_type=\"container\" data-e-type=\"container\">\n\t\t<div class=\"elementor-element elementor-element-df95fde e-con-full e-flex e-con e-child\" data-id=\"df95fde\" data-element_type=\"container\" data-e-type=\"container\">\n\t\t\t\t<div class=\"elementor-element elementor-element-b18fa26 elementor-widget elementor-widget-heading\" data-id=\"b18fa26\" data-element_type=\"widget\" data-e-type=\"widget\" data-widget_type=\"heading.default\">\n\t\t\t\t<div class=\"elementor-widget-container\">\n\t\t\t\t\t<h2 class=\"elementor-heading-title elementor-size-default\">Sklep Stacjonarny Swojak<\/h2>\t\t\t\t<\/div>\n\t\t\t\t<\/div>\n\t\t\t\t<div class=\"elementor-element elementor-element-da5441f elementor-widget elementor-widget-text-editor\" data-id=\"da5441f\" data-element_type=\"widget\" data-e-type=\"widget\" data-widget_type=\"text-editor.default\">\n\t\t\t\t<div class=\"elementor-widget-container\">\n\t\t\t\t\t\t\t\t\t<p style=\"text-align: center;\">Zapraszamy do sklepu Swojak, kt\u00f3ry mie\u015bci si\u0119 w Tarnogrodzie przy ul. Partyzant\u00f3w 4! Jeste\u015bmy sklepem dla mi\u0142o\u015bnik\u00f3w mocniejszych napitk\u00f3w oraz dla os\u00f3b poszukuj\u0105cych nowych smak\u00f3w. Oferujemy sprawdzone destylatory oraz zaprawki do alkoholu, kt\u00f3re pozwol\u0105 Ci stworzy\u0107 pyszne i aromatyczne trunki.<\/p><p style=\"text-align: center;\">W naszej ofercie znajdziesz wysokiej jako\u015bci sprz\u0119t do produkcji wina, piwa, nalewek i destylat\u00f3w, dzi\u0119ki czemu b\u0119dziesz m\u00f3g\u0142 tworzy\u0107 wyj\u0105tkowe alkohole na bazie ulubionych sk\u0142adnik\u00f3w. Mamy tak\u017ce prasy i filtry, dro\u017cd\u017ce gorzelnicze i winiarskie.<\/p><p style=\"text-align: center;\">Chcemy, aby nasza oferta spe\u0142ni\u0142a oczekiwania zar\u00f3wno os\u00f3b zajmuj\u0105cych si\u0119 produkcj\u0105 domowych alkoholi okazjonalnie, jak i tych, kt\u00f3rzy s\u0105 prawdziwymi pasjonatami z du\u017cym do\u015bwiadczeniem. Dla tych pierwszych proponujemy praktyczne narz\u0119dzia pomiarowe oraz fachow\u0105 literatur\u0119, kt\u00f3ra pomaga w pog\u0142\u0119bianiu wiedzy na temat produkcji domowych alkoholi.<\/p><p style=\"text-align: center;\">Zapraszamy wszystkich, kt\u00f3rzy ju\u017c odkryli niezwyk\u0142\u0105 przyjemno\u015b\u0107 samodzielnego wytw\u00f3rstwa, oraz tych, kt\u00f3rzy dopiero zaczynaj\u0105 swoj\u0105 przygod\u0119 w tym zakresie. W sklepie Swojak w Tarnogrodzie przy ul. Partyzant\u00f3w 4 znajdziesz wszystko, czego potrzebujesz do stworzenia swojego ulubionego alkoholu.<\/p>\t\t\t\t\t\t\t\t<\/div>\n\t\t\t\t<\/div>\n\t\t\t\t<\/div>\n\t\t\t\t<\/div>\n\t\t\t\t\t<\/div>\n\t\t\t\t<\/div>\n\t\t\t\t<\/div>","protected":false},"excerpt":{"rendered":"<p>Sklep z artyku\u0142ami winiarskimi i gorzelniczymi Zdrowo, naturalnie i pysznie &#8211; jak u babci w domu! Nasi klienci maj\u0105 pewno\u015b\u0107, \u017ce ka\u017cdy wyr\u00f3b przygotowany z naszych sk\u0142adnik\u00f3w, b\u0119dzie naturalny, zdrowy i idealny smaku! Sklep Stacjonarny Swojak Zapraszamy do sklepu Swojak, kt\u00f3ry mie\u015bci si\u0119 w Tarnogrodzie przy ul. Partyzant\u00f3w 4! Jeste\u015bmy sklepem dla mi\u0142o\u015bnik\u00f3w mocniejszych napitk\u00f3w [&hellip;]<\/p>\n","protected":false},"author":1,"featured_media":0,"parent":0,"menu_order":0,"comment_status":"closed","ping_status":"closed","template":"","meta":{"footnotes":""},"class_list":["post-681","page","type-page","status-publish","hentry"],"blocksy_meta":{"styles_descriptor":{"styles":{"desktop":"","tablet":"","mobile":""},"google_fonts":[],"version":6},"page_title_panel":"","has_hero_section":"disabled","1d15b7934ff424ab25737f2d764de13a":"","hero_section":"type-1","hero_elements":[{"id":"custom_title","enabled":true,"heading_tag":"h1","title":"Home"},{"id":"custom_description","enabled":true,"description_visibility":{"desktop":true,"tablet":true,"mobile":false}},{"id":"custom_meta","enabled":false,"meta_elements":[{"id":"author","enabled":true,"label":"By","has_author_avatar":"yes","avatar_size":25},{"id":"post_date","enabled":true,"label":"On","date_format_source":"default","date_format":"M j, Y"},{"id":"updated_date","enabled":false,"label":"On","date_format_source":"default","date_format":"M j, Y"},{"id":"categories","enabled":false,"label":"In","style":"simple"},{"id":"comments","enabled":true}],"page_meta_elements":{"joined":true,"articles_count":true,"comments":true}},{"id":"breadcrumbs","enabled":false}],"e377139f0e48a4cb5a64798ea8d651b9":"","hero_alignment1":"CT_CSS_SKIP_RULE","hero_margin":40,"hero_alignment2":"center","hero_vertical_alignment":"center","af09189de71c08c18e1cd076aeaad8fe":"","hero_structure":"narrow","4241a204ae10e70836b130f646a7f2d5":"","page_title_bg_type":"featured_image","custom_hero_background":{"attachment_id":null},"page_title_image_size":"full","parallax":{"desktop":false,"tablet":false,"mobile":false},"37c6846e78051bc32791c6958664507d":"","hero_height":"250px","pageTitleFont":{"family":"Default","variation":"Default","size":"30px","line-height":"CT_CSS_SKIP_RULE","letter-spacing":"CT_CSS_SKIP_RULE","text-transform":"CT_CSS_SKIP_RULE","text-decoration":"CT_CSS_SKIP_RULE"},"pageTitleFontColor":{"default":{"color":"CT_CSS_SKIP_RULEDEFAULT"}},"pageMetaFont":{"family":"Default","variation":"n6","size":"12px","line-height":"1.3","letter-spacing":"CT_CSS_SKIP_RULE","text-transform":"uppercase","text-decoration":"CT_CSS_SKIP_RULE"},"pageMetaFontColor":{"default":{"color":"CT_CSS_SKIP_RULEDEFAULT"},"hover":{"color":"CT_CSS_SKIP_RULEDEFAULT"}},"page_meta_button_type_font_colors":{"default":{"color":"CT_CSS_SKIP_RULEDEFAULT"},"hover":{"color":"CT_CSS_SKIP_RULEDEFAULT"}},"page_meta_button_type_background_colors":{"default":{"color":"CT_CSS_SKIP_RULEDEFAULT"},"hover":{"color":"CT_CSS_SKIP_RULEDEFAULT"}},"pageExcerptFont":{"family":"Default","variation":"Default","size":"CT_CSS_SKIP_RULE","line-height":"CT_CSS_SKIP_RULE","letter-spacing":"CT_CSS_SKIP_RULE","text-transform":"CT_CSS_SKIP_RULE","text-decoration":"CT_CSS_SKIP_RULE"},"pageExcerptColor":{"default":{"color":"CT_CSS_SKIP_RULEDEFAULT"}},"breadcrumbsFont":{"family":"Default","variation":"Default","size":"CT_CSS_SKIP_RULE","line-height":"CT_CSS_SKIP_RULE","letter-spacing":"CT_CSS_SKIP_RULE","text-transform":"CT_CSS_SKIP_RULE","text-decoration":"CT_CSS_SKIP_RULE"},"breadcrumbsFontColor":{"default":{"color":"CT_CSS_SKIP_RULEDEFAULT"},"initial":{"color":"CT_CSS_SKIP_RULEDEFAULT"},"hover":{"color":"CT_CSS_SKIP_RULEDEFAULT"}},"pageTitleOverlay":{"background_type":"color","background_pattern":"type-1","background_image":{"attachment_id":null,"x":0,"y":0},"gradient":"linear-gradient(135deg,rgba(6,147,227,1) 0%,rgb(155,81,224) 100%)","background_repeat":"repeat","background_size":"auto","background_attachment":"scroll","patternColor":{"default":{"color":"#e5e7ea"}},"overlayColor":{"default":{"color":"CT_CSS_SKIP_RULE"}},"backgroundColor":{"default":{"color":"CT_CSS_SKIP_RULE"}}},"pageTitleBackground":{"background_type":"color","background_pattern":"type-1","background_image":{"attachment_id":null,"x":0,"y":0},"gradient":"linear-gradient(135deg,rgba(6,147,227,1) 0%,rgb(155,81,224) 100%)","background_repeat":"repeat","background_size":"auto","background_attachment":"scroll","patternColor":{"default":{"color":"#e5e7ea"}},"overlayColor":{"default":{"color":"CT_CSS_SKIP_RULE"}},"backgroundColor":{"default":{"color":"var(--theme-palette-color-6)"}}},"pageTitlePadding":{"top":"50px","bottom":"50px","left":"auto","right":"auto","linked":true},"a8fa859ceafab67cbfce97e380ccc088":"","page_structure_type":"default","2c44625e200027fb7003d1deb510aed8":"","content_style_source":"inherit","content_style":"wide","vertical_spacing_source":"custom","content_area_spacing":"none","background":{"background_type":"color","background_pattern":"type-1","background_image":{"attachment_id":null,"x":0,"y":0},"gradient":"linear-gradient(135deg,rgba(6,147,227,1) 0%,rgb(155,81,224) 100%)","background_repeat":"repeat","background_size":"auto","background_attachment":"scroll","patternColor":{"default":{"color":"#e5e7ea"}},"overlayColor":{"default":{"color":"CT_CSS_SKIP_RULE"}},"backgroundColor":{"default":{"color":"CT_CSS_SKIP_RULE"}}},"content_background":{"background_type":"color","background_pattern":"type-1","background_image":{"attachment_id":null,"x":0,"y":0},"gradient":"linear-gradient(135deg,rgba(6,147,227,1) 0%,rgb(155,81,224) 100%)","background_repeat":"repeat","background_size":"auto","background_attachment":"scroll","patternColor":{"default":{"color":"#e5e7ea"}},"overlayColor":{"default":{"color":"CT_CSS_SKIP_RULE"}},"backgroundColor":{"default":{"color":"var(--theme-palette-color-8)"}}},"content_boxed_shadow":{"inherit":false,"blur":18,"spread":-6,"v_offset":12,"h_offset":0,"inset":false,"enable":true,"color":{"color":"rgba(34, 56, 101, 0.04)"}},"content_boxed_border":{"width":1,"style":"none","color":{"color":"rgba(44,62,80,0.2)"}},"content_boxed_radius":{"top":"3px","bottom":"3px","left":"3px","right":"3px","linked":true},"boxed_content_spacing":{"desktop":{"top":"40px","bottom":"40px","left":"40px","right":"40px","linked":true},"tablet":{"top":"35px","bottom":"35px","left":"35px","right":"35px","linked":true},"mobile":{"top":"20px","bottom":"20px","left":"20px","right":"20px","linked":true}},"b6a9da5a132a1b76f66ef374aa22372c":"","disable_featured_image":"no","disable_share_box":"no","disable_header":"no","disable_footer":"no"},"yoast_head":"<!-- This site is optimized with the Yoast SEO plugin v27.3 - https:\/\/yoast.com\/product\/yoast-seo-wordpress\/ -->\n<title>O Nas - Swojak<\/title>\n<meta name=\"robots\" content=\"index, follow, max-snippet:-1, max-image-preview:large, max-video-preview:-1\" \/>\n<link rel=\"canonical\" href=\"https:\/\/swojak.com.pl\/en\/about-us\/\" \/>\n<meta property=\"og:locale\" content=\"en_US\" \/>\n<meta property=\"og:type\" content=\"article\" \/>\n<meta property=\"og:title\" content=\"O Nas - Swojak\" \/>\n<meta property=\"og:description\" content=\"Sklep z artyku\u0142ami winiarskimi i gorzelniczymi Zdrowo, naturalnie i pysznie &#8211; jak u babci w domu! Nasi klienci maj\u0105 pewno\u015b\u0107, \u017ce ka\u017cdy wyr\u00f3b przygotowany z naszych sk\u0142adnik\u00f3w, b\u0119dzie naturalny, zdrowy i idealny smaku! Sklep Stacjonarny Swojak Zapraszamy do sklepu Swojak, kt\u00f3ry mie\u015bci si\u0119 w Tarnogrodzie przy ul. Partyzant\u00f3w 4! Jeste\u015bmy sklepem dla mi\u0142o\u015bnik\u00f3w mocniejszych napitk\u00f3w [&hellip;]\" \/>\n<meta property=\"og:url\" content=\"https:\/\/swojak.com.pl\/en\/about-us\/\" \/>\n<meta property=\"og:site_name\" content=\"Swojak\" \/>\n<meta property=\"article:publisher\" content=\"https:\/\/www.facebook.com\/profile.php?id=100090614658544\" \/>\n<meta property=\"article:modified_time\" content=\"2024-09-27T09:47:04+00:00\" \/>\n<meta property=\"og:image\" content=\"https:\/\/swojak.com.pl\/wp-content\/uploads\/2023\/03\/Witryna-02-300x164.png\" \/>\n<meta name=\"twitter:card\" content=\"summary_large_image\" \/>\n<meta name=\"twitter:label1\" content=\"Est. reading time\" \/>\n\t<meta name=\"twitter:data1\" content=\"2 minutes\" \/>\n<script type=\"application\/ld+json\" class=\"yoast-schema-graph\">{\"@context\":\"https:\\\/\\\/schema.org\",\"@graph\":[{\"@type\":\"WebPage\",\"@id\":\"https:\\\/\\\/swojak.com.pl\\\/about-us\\\/\",\"url\":\"https:\\\/\\\/swojak.com.pl\\\/about-us\\\/\",\"name\":\"O Nas - Swojak\",\"isPartOf\":{\"@id\":\"https:\\\/\\\/swojak.com.pl\\\/#website\"},\"primaryImageOfPage\":{\"@id\":\"https:\\\/\\\/swojak.com.pl\\\/about-us\\\/#primaryimage\"},\"image\":{\"@id\":\"https:\\\/\\\/swojak.com.pl\\\/about-us\\\/#primaryimage\"},\"thumbnailUrl\":\"https:\\\/\\\/swojak.com.pl\\\/wp-content\\\/uploads\\\/2023\\\/03\\\/Witryna-02-300x164.png\",\"datePublished\":\"2022-07-02T05:28:59+00:00\",\"dateModified\":\"2024-09-27T09:47:04+00:00\",\"breadcrumb\":{\"@id\":\"https:\\\/\\\/swojak.com.pl\\\/about-us\\\/#breadcrumb\"},\"inLanguage\":\"en-US\",\"potentialAction\":[{\"@type\":\"ReadAction\",\"target\":[\"https:\\\/\\\/swojak.com.pl\\\/about-us\\\/\"]}]},{\"@type\":\"ImageObject\",\"inLanguage\":\"en-US\",\"@id\":\"https:\\\/\\\/swojak.com.pl\\\/about-us\\\/#primaryimage\",\"url\":\"https:\\\/\\\/swojak.com.pl\\\/wp-content\\\/uploads\\\/2023\\\/03\\\/Witryna-02-300x164.png\",\"contentUrl\":\"https:\\\/\\\/swojak.com.pl\\\/wp-content\\\/uploads\\\/2023\\\/03\\\/Witryna-02-300x164.png\"},{\"@type\":\"BreadcrumbList\",\"@id\":\"https:\\\/\\\/swojak.com.pl\\\/about-us\\\/#breadcrumb\",\"itemListElement\":[{\"@type\":\"ListItem\",\"position\":1,\"name\":\"Strona g\u0142\u00f3wna\",\"item\":\"https:\\\/\\\/swojak.com.pl\\\/\"},{\"@type\":\"ListItem\",\"position\":2,\"name\":\"O Nas\"}]},{\"@type\":\"WebSite\",\"@id\":\"https:\\\/\\\/swojak.com.pl\\\/#website\",\"url\":\"https:\\\/\\\/swojak.com.pl\\\/\",\"name\":\"Swojak - Tarnogr\u00f3d - Zdrowo, naturalnie i pysznie - jak u babci w domu!\",\"description\":\"\",\"publisher\":{\"@id\":\"https:\\\/\\\/swojak.com.pl\\\/#organization\"},\"potentialAction\":[{\"@type\":\"SearchAction\",\"target\":{\"@type\":\"EntryPoint\",\"urlTemplate\":\"https:\\\/\\\/swojak.com.pl\\\/?s={search_term_string}\"},\"query-input\":{\"@type\":\"PropertyValueSpecification\",\"valueRequired\":true,\"valueName\":\"search_term_string\"}}],\"inLanguage\":\"en-US\"},{\"@type\":\"Organization\",\"@id\":\"https:\\\/\\\/swojak.com.pl\\\/#organization\",\"name\":\"Swojak\",\"url\":\"https:\\\/\\\/swojak.com.pl\\\/\",\"logo\":{\"@type\":\"ImageObject\",\"inLanguage\":\"en-US\",\"@id\":\"https:\\\/\\\/swojak.com.pl\\\/#\\\/schema\\\/logo\\\/image\\\/\",\"url\":\"https:\\\/\\\/swojak.com.pl\\\/wp-content\\\/uploads\\\/2024\\\/04\\\/Witryna-02-300x164-2.png\",\"contentUrl\":\"https:\\\/\\\/swojak.com.pl\\\/wp-content\\\/uploads\\\/2024\\\/04\\\/Witryna-02-300x164-2.png\",\"width\":300,\"height\":164,\"caption\":\"Swojak\"},\"image\":{\"@id\":\"https:\\\/\\\/swojak.com.pl\\\/#\\\/schema\\\/logo\\\/image\\\/\"},\"sameAs\":[\"https:\\\/\\\/www.facebook.com\\\/profile.php?id=100090614658544\"]}]}<\/script>\n<!-- \/ Yoast SEO plugin. -->","yoast_head_json":{"title":"O Nas - Swojak","robots":{"index":"index","follow":"follow","max-snippet":"max-snippet:-1","max-image-preview":"max-image-preview:large","max-video-preview":"max-video-preview:-1"},"canonical":"https:\/\/swojak.com.pl\/en\/about-us\/","og_locale":"en_US","og_type":"article","og_title":"O Nas - Swojak","og_description":"Sklep z artyku\u0142ami winiarskimi i gorzelniczymi Zdrowo, naturalnie i pysznie &#8211; jak u babci w domu! Nasi klienci maj\u0105 pewno\u015b\u0107, \u017ce ka\u017cdy wyr\u00f3b przygotowany z naszych sk\u0142adnik\u00f3w, b\u0119dzie naturalny, zdrowy i idealny smaku! Sklep Stacjonarny Swojak Zapraszamy do sklepu Swojak, kt\u00f3ry mie\u015bci si\u0119 w Tarnogrodzie przy ul. Partyzant\u00f3w 4! Jeste\u015bmy sklepem dla mi\u0142o\u015bnik\u00f3w mocniejszych napitk\u00f3w [&hellip;]","og_url":"https:\/\/swojak.com.pl\/en\/about-us\/","og_site_name":"Swojak","article_publisher":"https:\/\/www.facebook.com\/profile.php?id=100090614658544","article_modified_time":"2024-09-27T09:47:04+00:00","og_image":[{"url":"https:\/\/swojak.com.pl\/wp-content\/uploads\/2023\/03\/Witryna-02-300x164.png","type":"","width":"","height":""}],"twitter_card":"summary_large_image","twitter_misc":{"Est. reading time":"2 minutes"},"schema":{"@context":"https:\/\/schema.org","@graph":[{"@type":"WebPage","@id":"https:\/\/swojak.com.pl\/about-us\/","url":"https:\/\/swojak.com.pl\/about-us\/","name":"O Nas - Swojak","isPartOf":{"@id":"https:\/\/swojak.com.pl\/#website"},"primaryImageOfPage":{"@id":"https:\/\/swojak.com.pl\/about-us\/#primaryimage"},"image":{"@id":"https:\/\/swojak.com.pl\/about-us\/#primaryimage"},"thumbnailUrl":"https:\/\/swojak.com.pl\/wp-content\/uploads\/2023\/03\/Witryna-02-300x164.png","datePublished":"2022-07-02T05:28:59+00:00","dateModified":"2024-09-27T09:47:04+00:00","breadcrumb":{"@id":"https:\/\/swojak.com.pl\/about-us\/#breadcrumb"},"inLanguage":"en-US","potentialAction":[{"@type":"ReadAction","target":["https:\/\/swojak.com.pl\/about-us\/"]}]},{"@type":"ImageObject","inLanguage":"en-US","@id":"https:\/\/swojak.com.pl\/about-us\/#primaryimage","url":"https:\/\/swojak.com.pl\/wp-content\/uploads\/2023\/03\/Witryna-02-300x164.png","contentUrl":"https:\/\/swojak.com.pl\/wp-content\/uploads\/2023\/03\/Witryna-02-300x164.png"},{"@type":"BreadcrumbList","@id":"https:\/\/swojak.com.pl\/about-us\/#breadcrumb","itemListElement":[{"@type":"ListItem","position":1,"name":"Strona g\u0142\u00f3wna","item":"https:\/\/swojak.com.pl\/"},{"@type":"ListItem","position":2,"name":"O Nas"}]},{"@type":"WebSite","@id":"https:\/\/swojak.com.pl\/#website","url":"https:\/\/swojak.com.pl\/","name":"Swojak - Tarnogr\u00f3d - Zdrowo, naturalnie i pysznie - jak u babci w domu!","description":"","publisher":{"@id":"https:\/\/swojak.com.pl\/#organization"},"potentialAction":[{"@type":"SearchAction","target":{"@type":"EntryPoint","urlTemplate":"https:\/\/swojak.com.pl\/?s={search_term_string}"},"query-input":{"@type":"PropertyValueSpecification","valueRequired":true,"valueName":"search_term_string"}}],"inLanguage":"en-US"},{"@type":"Organization","@id":"https:\/\/swojak.com.pl\/#organization","name":"Swojak","url":"https:\/\/swojak.com.pl\/","logo":{"@type":"ImageObject","inLanguage":"en-US","@id":"https:\/\/swojak.com.pl\/#\/schema\/logo\/image\/","url":"https:\/\/swojak.com.pl\/wp-content\/uploads\/2024\/04\/Witryna-02-300x164-2.png","contentUrl":"https:\/\/swojak.com.pl\/wp-content\/uploads\/2024\/04\/Witryna-02-300x164-2.png","width":300,"height":164,"caption":"Swojak"},"image":{"@id":"https:\/\/swojak.com.pl\/#\/schema\/logo\/image\/"},"sameAs":["https:\/\/www.facebook.com\/profile.php?id=100090614658544"]}]}},"_links":{"self":[{"href":"https:\/\/swojak.com.pl\/en\/wp-json\/wp\/v2\/pages\/681","targetHints":{"allow":["GET"]}}],"collection":[{"href":"https:\/\/swojak.com.pl\/en\/wp-json\/wp\/v2\/pages"}],"about":[{"href":"https:\/\/swojak.com.pl\/en\/wp-json\/wp\/v2\/types\/page"}],"author":[{"embeddable":true,"href":"https:\/\/swojak.com.pl\/en\/wp-json\/wp\/v2\/users\/1"}],"replies":[{"embeddable":true,"href":"https:\/\/swojak.com.pl\/en\/wp-json\/wp\/v2\/comments?post=681"}],"version-history":[{"count":4,"href":"https:\/\/swojak.com.pl\/en\/wp-json\/wp\/v2\/pages\/681\/revisions"}],"predecessor-version":[{"id":2146,"href":"https:\/\/swojak.com.pl\/en\/wp-json\/wp\/v2\/pages\/681\/revisions\/2146"}],"wp:attachment":[{"href":"https:\/\/swojak.com.pl\/en\/wp-json\/wp\/v2\/media?parent=681"}],"curies":[{"name":"wp","href":"https:\/\/api.w.org\/{rel}","templated":true}]}}